{"id":257,"date":"2026-02-26T19:50:28","date_gmt":"2026-02-26T19:50:28","guid":{"rendered":"https:\/\/strategicplan.nosm.ca\/index.php\/home\/"},"modified":"2026-03-09T18:16:25","modified_gmt":"2026-03-09T18:16:25","slug":"home","status":"publish","type":"page","link":"https:\/\/strategicplan.nosm.ca\/index.php\/home\/?lang=fr","title":{"rendered":"home"},"content":{"rendered":"<p>[et_pb_section fb_built=&#8221;1&#8243; fullwidth=&#8221;on&#8221; module_id=&#8221;Header \u2014 Rooted in the North&#8221; _builder_version=&#8221;4.24.2&#8243; _module_preset=&#8221;default&#8221; global_colors_info=&#8221;{}&#8221;][et_pb_fullwidth_header title=&#8221;Enracin\u00e9e dans le Nord&#8221; subhead=&#8221;PLAN STRAT\u00c9GIQUE 2026-2030&#8243; _builder_version=&#8221;4.27.6&#8243; _module_preset=&#8221;default&#8221; title_font=&#8221;Barlow|300|||||||&#8221; title_text_align=&#8221;center&#8221; title_font_size=&#8221;90px&#8221; title_letter_spacing=&#8221;-3px&#8221; title_line_height=&#8221;0.9em&#8221; subhead_font=&#8221;League Spartan|700|||||||&#8221; subhead_text_align=&#8221;center&#8221; subhead_font_size=&#8221;30px&#8221; background_image=&#8221;https:\/\/strategicplan.nosm.ca\/wp-content\/uploads\/2026\/02\/bluemapleBG-scaled.jpg&#8221; custom_margin=&#8221;||||false|false&#8221; custom_padding=&#8221;150px||150px||true|false&#8221; scroll_fade_enable=&#8221;on&#8221; title_font_size_tablet=&#8221;90px&#8221; title_font_size_phone=&#8221;70px&#8221; title_font_size_last_edited=&#8221;on|desktop&#8221; title_text_shadow_style=&#8221;preset1&#8243; title_text_shadow_color=&#8221;#000000&#8243; subhead_text_shadow_style=&#8221;preset1&#8243; subhead_text_shadow_color=&#8221;#000000&#8243; global_colors_info=&#8221;{}&#8221;][\/et_pb_fullwidth_header][\/et_pb_section][et_pb_section fb_built=&#8221;1&#8243; admin_label=&#8221;Vision and Mission&#8221; module_id=&#8221;VisionMission&#8221; _builder_version=&#8221;4.27.6&#8243; _module_preset=&#8221;default&#8221; global_colors_info=&#8221;{}&#8221;][et_pb_row column_structure=&#8221;1_2,1_2&#8243; _builder_version=&#8221;4.27.5&#8243; _module_preset=&#8221;default&#8221; global_colors_info=&#8221;{}&#8221;][et_pb_column type=&#8221;1_2&#8243; _builder_version=&#8221;4.27.5&#8243; _module_preset=&#8221;default&#8221; global_colors_info=&#8221;{}&#8221;][et_pb_text _builder_version=&#8221;4.27.6&#8243; _module_preset=&#8221;default&#8221; global_colors_info=&#8221;{}&#8221;]<\/p>\n<h2>VISION<\/h2>\n<p>\u00c9quit\u00e9 en sant\u00e9 dans tout le Nord.<\/p>\n<p>[\/et_pb_text][\/et_pb_column][et_pb_column type=&#8221;1_2&#8243; _builder_version=&#8221;4.27.5&#8243; _module_preset=&#8221;default&#8221; global_colors_info=&#8221;{}&#8221;][et_pb_text _builder_version=&#8221;4.27.6&#8243; _module_preset=&#8221;default&#8221; global_colors_info=&#8221;{}&#8221;]<\/p>\n<h2>MISSION<\/h2>\n<p>Renforcer les communaut\u00e9s du Nord et les syst\u00e8mes de sant\u00e9 au moyen de la formation et de la recherche en sant\u00e9 socialement responsables.<\/p>\n<p>[\/et_pb_text][\/et_pb_column][\/et_pb_row][\/et_pb_section][et_pb_section fb_built=&#8221;1&#8243; fullwidth=&#8221;on&#8221; admin_label=&#8221;Trees Image&#8221; module_id=&#8221;Trees Image&#8221; _builder_version=&#8221;4.27.6&#8243; _module_preset=&#8221;default&#8221; animation_style=&#8221;fade&#8221; global_colors_info=&#8221;{}&#8221;][et_pb_fullwidth_image src=&#8221;https:\/\/strategicplan.nosm.ca\/wp-content\/uploads\/2026\/03\/Trees.jpg&#8221; alt=&#8221;Northern Forest, showing tree trunks.&#8221; title_text=&#8221;Trees&#8221; _builder_version=&#8221;4.27.6&#8243; _module_preset=&#8221;default&#8221; global_colors_info=&#8221;{}&#8221;][\/et_pb_fullwidth_image][\/et_pb_section][et_pb_section fb_built=&#8221;1&#8243; admin_label=&#8221;Values&#8221; module_id=&#8221;Values&#8221; _builder_version=&#8221;4.27.6&#8243; _module_preset=&#8221;default&#8221; background_color=&#8221;rgba(152,155,151,0.1)&#8221; global_colors_info=&#8221;{}&#8221;][et_pb_row column_structure=&#8221;1_2,1_2&#8243; _builder_version=&#8221;4.27.5&#8243; _module_preset=&#8221;default&#8221; global_colors_info=&#8221;{}&#8221;][et_pb_column type=&#8221;1_2&#8243; _builder_version=&#8221;4.27.5&#8243; _module_preset=&#8221;default&#8221; global_colors_info=&#8221;{}&#8221;][et_pb_text _builder_version=&#8221;4.27.6&#8243; _module_preset=&#8221;default&#8221; global_colors_info=&#8221;{}&#8221;]<\/p>\n<h2>VALEURS<\/h2>\n<p>[\/et_pb_text][et_pb_text _builder_version=&#8221;4.27.6&#8243; _module_preset=&#8221;default&#8221; global_colors_info=&#8221;{}&#8221;]<\/p>\n<h3>Inclusivit\u00e9<\/h3>\n<p>Nous pr\u00f4nons un environnement qui honore la diversit\u00e9 des gens, des cultures et des perspectives afin d\u2019\u00e9tablir la confiance et le respect mutuel, et d\u2019apporter des bienfaits aux gens, \u00e0 l\u2019Universit\u00e9 et aux communaut\u00e9s.<\/p>\n<h3>Communaut\u00e9<\/h3>\n<p>Nous appr\u00e9cions que l\u2019Universit\u00e9 de l\u2019EMNO soit profond\u00e9ment enracin\u00e9e dans la population, les lieux et les organismes du Nord de l\u2019Ontario. Nous donnons la priorit\u00e9 aux relations et \u00e0 la collaboration afin de renforcer la formation et la capacit\u00e9 clinique locales et d\u2019am\u00e9liorer les r\u00e9sultats pour la sant\u00e9 dans toute la r\u00e9gion.<\/p>\n<p>[\/et_pb_text][\/et_pb_column][et_pb_column type=&#8221;1_2&#8243; _builder_version=&#8221;4.27.5&#8243; _module_preset=&#8221;default&#8221; global_colors_info=&#8221;{}&#8221;][et_pb_text _builder_version=&#8221;4.27.6&#8243; _module_preset=&#8221;default&#8221; custom_margin=&#8221;50px|10px||10px|false|true&#8221; global_colors_info=&#8221;{}&#8221;]<\/p>\n<h3>Adaptabilit\u00e9<\/h3>\n<p>Nous r\u00e9pondons aux d\u00e9fis uniques en mati\u00e8re de sant\u00e9 et aux besoins changeants du Nord de l\u2019Ontario et adaptons rapidement nos approches pour servir efficacement la population \u00e9tudiante et les communaut\u00e9s.<\/p>\n<h3>Excellence<\/h3>\n<p>Nous visons l\u2019excellence dans la formation, l\u2019enseignement, la recherche et le leadership afin d\u2019am\u00e9liorer concr\u00e8tement la sant\u00e9 dans le Nord.<\/p>\n<p>[\/et_pb_text][\/et_pb_column][\/et_pb_row][\/et_pb_section][et_pb_section fb_built=&#8221;1&#8243; disabled_on=&#8221;off|off|on&#8221; _builder_version=&#8221;4.27.6&#8243; _module_preset=&#8221;default&#8221; custom_margin=&#8221;0px||0px||true|false&#8221; custom_padding=&#8221;0px||0px||true|false&#8221; global_colors_info=&#8221;{}&#8221;][et_pb_row column_structure=&#8221;3_5,2_5&#8243; _builder_version=&#8221;4.27.6&#8243; _module_preset=&#8221;default&#8221; custom_margin=&#8221;0px||0px||false|false&#8221; custom_padding=&#8221;0px||40px||false|false&#8221; global_colors_info=&#8221;{}&#8221;][et_pb_column type=&#8221;3_5&#8243; _builder_version=&#8221;4.27.6&#8243; _module_preset=&#8221;default&#8221; global_colors_info=&#8221;{}&#8221;][et_pb_image src=&#8221;https:\/\/strategicplan.nosm.ca\/wp-content\/uploads\/2026\/03\/SP_MockupSquare.jpg&#8221; alt=&#8221;NOSM University Strategic Plan Booklet&#8221; title_text=&#8221;SP_MockupSquare&#8221; _builder_version=&#8221;4.27.6&#8243; _module_preset=&#8221;default&#8221; global_colors_info=&#8221;{}&#8221;][\/et_pb_image][\/et_pb_column][et_pb_column type=&#8221;2_5&#8243; _builder_version=&#8221;4.27.6&#8243; _module_preset=&#8221;default&#8221; global_colors_info=&#8221;{}&#8221;][et_pb_text _builder_version=&#8221;4.27.6&#8243; _module_preset=&#8221;default&#8221; header_2_line_height=&#8221;0.8em&#8221; custom_margin=&#8221;40px|10px||10px|false|true&#8221; global_colors_info=&#8221;{}&#8221;]<\/p>\n<h2>PLAN STRAT\u00c9GIQUE<\/h2>\n<p>Universit\u00e9 d&#8217;EMNO Enracin\u00e9e dans le Nord PLAN STRAT\u00c9GIQUE 2026-2030<\/p>\n<p>[\/et_pb_text][et_pb_button button_text=&#8221;T\u00e9l\u00e9charger&#8221; _builder_version=&#8221;4.27.6&#8243; _module_preset=&#8221;default&#8221; custom_padding=&#8221;||||false|false&#8221; global_colors_info=&#8221;{}&#8221;][\/et_pb_button][\/et_pb_column][\/et_pb_row][\/et_pb_section][et_pb_section fb_built=&#8221;1&#8243; fullwidth=&#8221;on&#8221; disabled_on=&#8221;on|off|off&#8221; module_id=&#8221;Header \u2014 Rooted in the North&#8221; _builder_version=&#8221;4.27.6&#8243; _module_preset=&#8221;default&#8221; background_image=&#8221;https:\/\/strategicplan.nosm.ca\/wp-content\/uploads\/2026\/03\/SP_Mockup.jpg&#8221; module_alignment=&#8221;center&#8221; animation_style=&#8221;fade&#8221; animation_delay=&#8221;400ms&#8221; global_colors_info=&#8221;{}&#8221;][et_pb_fullwidth_header title=&#8221;PLAN STRAT\u00c9GIQUE&#8221; text_orientation=&#8221;right&#8221; button_one_text=&#8221;T\u00e9l\u00e9charger&#8221; button_one_url=&#8221;https:\/\/strategicplan.nosm.ca\/wp-content\/uploads\/2026\/03\/NOSMU_PlanStrategique_2026-2030_FR.pdf&#8221; _builder_version=&#8221;4.27.6&#8243; _module_preset=&#8221;default&#8221; title_text_color=&#8221;#002857&#8243; title_font_size=&#8221;52px&#8221; content_font=&#8221;|300|||||||&#8221; content_text_color=&#8221;#000000&#8243; content_font_size=&#8221;32px&#8221; background_enable_color=&#8221;off&#8221; custom_button_one=&#8221;on&#8221; button_one_text_color=&#8221;#000000&#8243; button_one_border_width=&#8221;2px&#8221; button_one_border_radius=&#8221;8px&#8221; background_layout=&#8221;light&#8221; custom_margin=&#8221;||||false|false&#8221; custom_padding=&#8221;200px||200px||true|false&#8221; link_option_url_new_window=&#8221;on&#8221; title_font_size_tablet=&#8221;52px&#8221; title_font_size_phone=&#8221;40px&#8221; title_font_size_last_edited=&#8221;on|desktop&#8221; content_font_size_tablet=&#8221;32px&#8221; content_font_size_phone=&#8221;18px&#8221; content_font_size_last_edited=&#8221;on|desktop&#8221; global_colors_info=&#8221;{}&#8221;]<\/p>\n<p>Universit\u00e9 d&#8217;EMNO<br \/>Enracin\u00e9e dans le Nord<br \/>PLAN STRAT\u00c9GIQUE 2026-2030<\/p>\n<p>[\/et_pb_fullwidth_header][\/et_pb_section]<\/p>\n","protected":false},"excerpt":{"rendered":"<p>VISION \u00c9quit\u00e9 en sant\u00e9 dans tout le Nord.MISSION Renforcer les communaut\u00e9s du Nord et les syst\u00e8mes de sant\u00e9 au moyen de la formation et de la recherche en sant\u00e9 socialement responsables.VALEURSInclusivit\u00e9 Nous pr\u00f4nons un environnement qui honore la diversit\u00e9 des gens, des cultures et des perspectives afin d\u2019\u00e9tablir la confiance et le respect mutuel, et [&hellip;]<\/p>\n","protected":false},"author":2,"featured_media":0,"parent":0,"menu_order":0,"comment_status":"closed","ping_status":"closed","template":"","meta":{"_et_pb_use_builder":"on","_et_pb_old_content":"","_et_gb_content_width":"","footnotes":""},"class_list":["post-257","page","type-page","status-publish","hentry"],"_links":{"self":[{"href":"https:\/\/strategicplan.nosm.ca\/index.php\/wp-json\/wp\/v2\/pages\/257","targetHints":{"allow":["GET"]}}],"collection":[{"href":"https:\/\/strategicplan.nosm.ca\/index.php\/wp-json\/wp\/v2\/pages"}],"about":[{"href":"https:\/\/strategicplan.nosm.ca\/index.php\/wp-json\/wp\/v2\/types\/page"}],"author":[{"embeddable":true,"href":"https:\/\/strategicplan.nosm.ca\/index.php\/wp-json\/wp\/v2\/users\/2"}],"replies":[{"embeddable":true,"href":"https:\/\/strategicplan.nosm.ca\/index.php\/wp-json\/wp\/v2\/comments?post=257"}],"version-history":[{"count":2,"href":"https:\/\/strategicplan.nosm.ca\/index.php\/wp-json\/wp\/v2\/pages\/257\/revisions"}],"predecessor-version":[{"id":259,"href":"https:\/\/strategicplan.nosm.ca\/index.php\/wp-json\/wp\/v2\/pages\/257\/revisions\/259"}],"wp:attachment":[{"href":"https:\/\/strategicplan.nosm.ca\/index.php\/wp-json\/wp\/v2\/media?parent=257"}],"curies":[{"name":"wp","href":"https:\/\/api.w.org\/{rel}","templated":true}]}}