{"id":280,"date":"2026-03-05T15:13:16","date_gmt":"2026-03-05T15:13:16","guid":{"rendered":"https:\/\/strategicplan.nosm.ca\/index.php\/facteurs-de-reussite\/"},"modified":"2026-03-10T12:58:46","modified_gmt":"2026-03-10T12:58:46","slug":"facteurs-de-reussite","status":"publish","type":"page","link":"https:\/\/strategicplan.nosm.ca\/index.php\/facteurs-de-reussite\/?lang=fr","title":{"rendered":"Facteurs de r\u00e9usitte"},"content":{"rendered":"<p>[et_pb_section fb_built=&#8221;1&#8243; fullwidth=&#8221;on&#8221; disabled_on=&#8221;on|off|off&#8221; module_id=&#8221;Header \u2014 Rooted in the North&#8221; _builder_version=&#8221;4.27.6&#8243; _module_preset=&#8221;default&#8221; global_colors_info=&#8221;{}&#8221;][et_pb_fullwidth_header title=&#8221;FACTEURS DE R\u00c9USSITE&#8221; background_overlay_color=&#8221;rgba(0,40,87,0.83)&#8221; _builder_version=&#8221;4.27.6&#8243; _module_preset=&#8221;default&#8221; title_font=&#8221;Barlow|300|||||||&#8221; title_text_align=&#8221;center&#8221; title_font_size=&#8221;90px&#8221; title_letter_spacing=&#8221;-3px&#8221; title_line_height=&#8221;0.9em&#8221; content_font_size=&#8221;25px&#8221; content_line_height=&#8221;2.1em&#8221; subhead_font=&#8221;League Spartan|700|||||||&#8221; subhead_text_align=&#8221;center&#8221; subhead_font_size=&#8221;30px&#8221; background_image=&#8221;https:\/\/strategicplan.nosm.ca\/wp-content\/uploads\/2026\/02\/bluemapleBG-scaled.jpg&#8221; custom_margin=&#8221;||||true|false&#8221; custom_padding=&#8221;150px||150px||true|true&#8221; scroll_fade_enable=&#8221;on&#8221; title_font_size_tablet=&#8221;90px&#8221; title_font_size_phone=&#8221;70px&#8221; title_font_size_last_edited=&#8221;on|desktop&#8221; content_font_size_tablet=&#8221;25px&#8221; content_font_size_phone=&#8221;18px&#8221; content_font_size_last_edited=&#8221;on|phone&#8221; title_text_shadow_style=&#8221;preset1&#8243; title_text_shadow_color=&#8221;#000000&#8243; subhead_text_shadow_style=&#8221;preset1&#8243; subhead_text_shadow_color=&#8221;#000000&#8243; text_shadow_style=&#8221;preset1&#8243; text_shadow_color=&#8221;#000000&#8243; global_colors_info=&#8221;{}&#8221;]<\/p>\n<p class=\"p1\">Il faut activer une s\u00e9rie de facteurs fondamentaux afin de r\u00e9ussir la mise en \u0153uvre des piliers strat\u00e9giques de l\u2019Universit\u00e9 de l\u2019EMNO. Ces facteurs couvrent les domaines financier, humain et structurel et sont essentiels pour traduire l\u2019intention strat\u00e9gique en r\u00e9sultats mesurables.<\/p>\n<p>[\/et_pb_fullwidth_header][\/et_pb_section][et_pb_section fb_built=&#8221;1&#8243; fullwidth=&#8221;on&#8221; disabled_on=&#8221;off|on|on&#8221; module_id=&#8221;Header \u2014 Rooted in the North&#8221; _builder_version=&#8221;4.27.6&#8243; _module_preset=&#8221;default&#8221; global_colors_info=&#8221;{}&#8221;][et_pb_fullwidth_header title=&#8221;FACTEURS DE R\u00c9USSITE&#8221; background_overlay_color=&#8221;rgba(0,40,87,0.83)&#8221; _builder_version=&#8221;4.27.6&#8243; _module_preset=&#8221;default&#8221; title_font=&#8221;Barlow|300|||||||&#8221; title_text_align=&#8221;center&#8221; title_font_size=&#8221;90px&#8221; title_letter_spacing=&#8221;-3px&#8221; title_line_height=&#8221;0.9em&#8221; content_font_size=&#8221;25px&#8221; content_line_height=&#8221;1.6em&#8221; subhead_font=&#8221;League Spartan|700|||||||&#8221; subhead_text_align=&#8221;center&#8221; subhead_font_size=&#8221;30px&#8221; background_image=&#8221;https:\/\/strategicplan.nosm.ca\/wp-content\/uploads\/2026\/02\/bluemapleBG-scaled.jpg&#8221; custom_margin=&#8221;||||true|false&#8221; custom_padding=&#8221;150px||150px||true|true&#8221; scroll_fade_enable=&#8221;on&#8221; title_font_size_tablet=&#8221;90px&#8221; title_font_size_phone=&#8221;55px&#8221; title_font_size_last_edited=&#8221;on|desktop&#8221; content_font_size_tablet=&#8221;25px&#8221; content_font_size_phone=&#8221;18px&#8221; content_font_size_last_edited=&#8221;on|phone&#8221; title_text_shadow_style=&#8221;preset1&#8243; title_text_shadow_color=&#8221;#000000&#8243; subhead_text_shadow_style=&#8221;preset1&#8243; subhead_text_shadow_color=&#8221;#000000&#8243; text_shadow_style=&#8221;preset1&#8243; text_shadow_color=&#8221;#000000&#8243; global_colors_info=&#8221;{}&#8221;]<\/p>\n<p class=\"p1\">Il faut activer une s\u00e9rie de facteurs fondamentaux afin de r\u00e9ussir la mise en \u0153uvre des piliers strat\u00e9giques de l\u2019Universit\u00e9 de l\u2019EMNO. Ces facteurs couvrent les domaines financier, humain et structurel et sont essentiels pour traduire l\u2019intention strat\u00e9gique en r\u00e9sultats mesurables.<\/p>\n<p>[\/et_pb_fullwidth_header][\/et_pb_section][et_pb_section fb_built=&#8221;1&#8243; admin_label=&#8221;Vision and Mission&#8221; module_id=&#8221;FACTEURSDER\u00c9USSITE&#8221; _builder_version=&#8221;4.27.6&#8243; _module_preset=&#8221;default&#8221; global_colors_info=&#8221;{}&#8221;][et_pb_row column_structure=&#8221;1_3,1_3,1_3&#8243; _builder_version=&#8221;4.27.6&#8243; _module_preset=&#8221;default&#8221; global_colors_info=&#8221;{}&#8221;][et_pb_column type=&#8221;1_3&#8243; _builder_version=&#8221;4.27.5&#8243; _module_preset=&#8221;default&#8221; global_colors_info=&#8221;{}&#8221;][et_pb_text _builder_version=&#8221;4.27.6&#8243; _module_preset=&#8221;default&#8221; text_font_size=&#8221;18px&#8221; text_line_height=&#8221;2.4em&#8221; header_2_font_size=&#8221;36px&#8221; header_2_line_height=&#8221;0.8em&#8221; global_colors_info=&#8221;{}&#8221;]<\/p>\n<h2>Responsabilit\u00e9 sociale<\/h2>\n<p>L\u2019Universit\u00e9 de l\u2019EMNO :<\/p>\n<ul>\n<li style=\"padding-bottom: 20px;\">Int\u00e9grera la responsabilit\u00e9 sociale dans toutes les d\u00e9cisions strat\u00e9giques en alignant la formation, la recherche et le service sur les besoins prioritaires du Nord de l\u2019Ontario en mati\u00e8re de sant\u00e9.<\/li>\n<li style=\"padding-bottom: 20px;\">Pr\u00f4nera l\u2019\u00e9quit\u00e9 en sant\u00e9 en orientant la planification institutionnelle et l\u2019investissement sur l\u2019am\u00e9lioration de l\u2019acc\u00e8s et des r\u00e9sultats pour les communaut\u00e9s autochtones, francophones, rurales, \u00e9loign\u00e9es et d\u2019autres communaut\u00e9s insuffisamment desservies ou marginalis\u00e9es. <\/li>\n<li style=\"padding-bottom: 20px;\">Assurera l\u2019excellence pour obtenir l\u2019agr\u00e9ment en renfor\u00e7ant sa capacit\u00e9 afin de r\u00e9pondre aux normes nationales tout en faisant avancer sa mission et son mandat de responsabilit\u00e9 sociale. <\/li>\n<li style=\"padding-bottom: 20px;\">Pr\u00f4nera la s\u00e9curit\u00e9 culturelle et des environnements anti-racistes qui \u00e9liminent les pr\u00e9jug\u00e9s syst\u00e9miques et pr\u00f4nent l\u2019\u00e9quit\u00e9 dans l\u2019apprentissage et les soins. R\u00e9pondra aux appels \u00e0 l\u2019action de la Commission de v\u00e9rit\u00e9 et r\u00e9conciliation touchant la formation en m\u00e9decine et les soins de sant\u00e9.<\/li>\n<li style=\"padding-bottom: 20px;\">Renforcera les partenariats communautaires et la reddition de comptes sur ses r\u00e9percussions en veillant \u00e0 ce que les priorit\u00e9s communautaires fa\u00e7onnent les programmes, la recherche, le service et des r\u00e9sultats mesurables.<\/li>\n<\/ul>\n<p>[\/et_pb_text][\/et_pb_column][et_pb_column type=&#8221;1_3&#8243; _builder_version=&#8221;4.27.5&#8243; _module_preset=&#8221;default&#8221; global_colors_info=&#8221;{}&#8221;][et_pb_text _builder_version=&#8221;4.27.6&#8243; _module_preset=&#8221;default&#8221; text_font_size=&#8221;18px&#8221; text_line_height=&#8221;2.4em&#8221; header_2_font_size=&#8221;36px&#8221; header_2_line_height=&#8221;0.8em&#8221; global_colors_info=&#8221;{}&#8221;]<\/p>\n<h2>D\u00e9fense des int\u00e9r\u00eats<\/h2>\n<p>L\u2019Universit\u00e9 de l\u2019EMNO :<\/p>\n<ul>\n<li style=\"padding-bottom: 20px;\">\n<p class=\"p1\">Obtiendra le financement appropri\u00e9 en articulant clairement sa valeur, en s\u2019alignant sur les priorit\u00e9s provinciales et f\u00e9d\u00e9rales et en mobilisant un vaste \u00e9ventail d\u2019instances gouvernementales.<\/p>\n<\/li>\n<li style=\"padding-bottom: 20px;\">\n<p class=\"p1\">Plaidera pour devenir propri\u00e9taire de l\u2019infrastructure, obtenir du soutien pour les immobilisations et du soutien politique afin de faire progresser la formation r\u00e9gionalis\u00e9e et l\u2019\u00e9quit\u00e9 en sant\u00e9.<\/p>\n<\/li>\n<li style=\"padding-bottom: 20px;\">\n<p class=\"p1\">\u00c9tablira la capacit\u00e9 interne d\u2019administrer le financement des trois Conseils et de r\u00e9duire le passif \u00e0 long terme en devenant propri\u00e9taire de l\u2019infrastructure.<\/p>\n<\/li>\n<\/ul>\n<p>[\/et_pb_text][\/et_pb_column][et_pb_column type=&#8221;1_3&#8243; _builder_version=&#8221;4.27.5&#8243; _module_preset=&#8221;default&#8221; global_colors_info=&#8221;{}&#8221;][et_pb_text _builder_version=&#8221;4.27.6&#8243; _module_preset=&#8221;default&#8221; text_font_size=&#8221;18px&#8221; text_line_height=&#8221;2.4em&#8221; header_2_font_size=&#8221;36px&#8221; header_2_line_height=&#8221;0.8em&#8221; global_colors_info=&#8221;{}&#8221;]<\/p>\n<h2>Durabilit\u00e9 environnementale<\/h2>\n<p>L\u2019Universit\u00e9 de l\u2019EMNO :<\/p>\n<ul>\n<li style=\"padding-bottom: 20px;\">\n<p class=\"p1\">Int\u00e9grera les principes de la durabilit\u00e9 environnementale et de la sant\u00e9 plan\u00e9taire dans tous les aspects de ses op\u00e9rations, dans l\u2019utilisation de l\u2019IA ainsi que dans la formation et la recherche afin de r\u00e9duire les incidences environnementales et de promouvoir sa r\u00e9silience \u00e0 long terme.<\/p>\n<\/li>\n<li style=\"padding-bottom: 20px;\">\n<p class=\"p1\">Encouragera la sant\u00e9 plan\u00e9taire en int\u00e9grant des pratiques respectueuses du climat dans l\u2019enseignement clinique, l\u2019engagement communautaire et la planification des infrastructures.<\/p>\n<\/li>\n<li style=\"padding-bottom: 20px;\">\n<p class=\"p1\">Utilisera sa politique touchant l\u2019IA pour l\u2019apprentissage et l\u2019enseignement qui fait partie de son cadre de travail pour la durabilit\u00e9 environnementale.<\/p>\n<\/li>\n<li style=\"padding-bottom: 20px;\">\n<p class=\"p1\">\u00c9laborera et instaurera un cadre de durabilit\u00e9 environnementale qui inclut des cibles de r\u00e9duction du carbone, des politiques d\u2019approvisionnement \u00e9cologique et des strat\u00e9gies d\u2019adaptation au climat adapt\u00e9es \u00e0 la g\u00e9ographie et aux vuln\u00e9rabilit\u00e9s uniques du Nord de l\u2019Ontario.<\/p>\n<\/li>\n<\/ul>\n<p>[\/et_pb_text][\/et_pb_column][\/et_pb_row][\/et_pb_section][et_pb_section fb_built=&#8221;1&#8243; fullwidth=&#8221;on&#8221; admin_label=&#8221;Trees Image&#8221; module_id=&#8221;Trees Image&#8221; _builder_version=&#8221;4.27.6&#8243; _module_preset=&#8221;default&#8221; animation_style=&#8221;fade&#8221; hover_enabled=&#8221;0&#8243; global_colors_info=&#8221;{}&#8221; sticky_enabled=&#8221;0&#8243;][et_pb_fullwidth_image src=&#8221;https:\/\/strategicplan.nosm.ca\/wp-content\/uploads\/2026\/03\/Trees2.jpg&#8221; alt=&#8221;North Ontario Landscape&#8221; title_text=&#8221;Trees2&#8243; _builder_version=&#8221;4.27.6&#8243; _module_preset=&#8221;default&#8221; hover_enabled=&#8221;0&#8243; global_colors_info=&#8221;{}&#8221; sticky_enabled=&#8221;0&#8243;][\/et_pb_fullwidth_image][\/et_pb_section]<\/p>\n","protected":false},"excerpt":{"rendered":"<p>Il faut activer une s\u00e9rie de facteurs fondamentaux afin de r\u00e9ussir la mise en \u0153uvre des piliers strat\u00e9giques de l\u2019Universit\u00e9 de l\u2019EMNO. Ces facteurs couvrent les domaines financier, humain et structurel et sont essentiels pour traduire l\u2019intention strat\u00e9gique en r\u00e9sultats mesurables.Il faut activer une s\u00e9rie de facteurs fondamentaux afin de r\u00e9ussir la mise en \u0153uvre [&hellip;]<\/p>\n","protected":false},"author":2,"featured_media":0,"parent":0,"menu_order":0,"comment_status":"closed","ping_status":"closed","template":"","meta":{"_et_pb_use_builder":"on","_et_pb_old_content":"","_et_gb_content_width":"","footnotes":""},"class_list":["post-280","page","type-page","status-publish","hentry"],"_links":{"self":[{"href":"https:\/\/strategicplan.nosm.ca\/index.php\/wp-json\/wp\/v2\/pages\/280","targetHints":{"allow":["GET"]}}],"collection":[{"href":"https:\/\/strategicplan.nosm.ca\/index.php\/wp-json\/wp\/v2\/pages"}],"about":[{"href":"https:\/\/strategicplan.nosm.ca\/index.php\/wp-json\/wp\/v2\/types\/page"}],"author":[{"embeddable":true,"href":"https:\/\/strategicplan.nosm.ca\/index.php\/wp-json\/wp\/v2\/users\/2"}],"replies":[{"embeddable":true,"href":"https:\/\/strategicplan.nosm.ca\/index.php\/wp-json\/wp\/v2\/comments?post=280"}],"version-history":[{"count":4,"href":"https:\/\/strategicplan.nosm.ca\/index.php\/wp-json\/wp\/v2\/pages\/280\/revisions"}],"predecessor-version":[{"id":319,"href":"https:\/\/strategicplan.nosm.ca\/index.php\/wp-json\/wp\/v2\/pages\/280\/revisions\/319"}],"wp:attachment":[{"href":"https:\/\/strategicplan.nosm.ca\/index.php\/wp-json\/wp\/v2\/media?parent=280"}],"curies":[{"name":"wp","href":"https:\/\/api.w.org\/{rel}","templated":true}]}}