{"id":283,"date":"2026-03-05T15:44:30","date_gmt":"2026-03-05T15:44:30","guid":{"rendered":"https:\/\/strategicplan.nosm.ca\/index.php\/pilier-strategique-1\/"},"modified":"2026-03-10T12:58:05","modified_gmt":"2026-03-10T12:58:05","slug":"pilier-strategique-1","status":"publish","type":"page","link":"https:\/\/strategicplan.nosm.ca\/index.php\/pilier-strategique-1\/?lang=fr","title":{"rendered":"\u00c9ducation"},"content":{"rendered":"<p>[et_pb_section fb_built=&#8221;1&#8243; fullwidth=&#8221;on&#8221; disabled_on=&#8221;on|off|off&#8221; module_id=&#8221;Header \u2014 Rooted in the North&#8221; _builder_version=&#8221;4.27.6&#8243; _module_preset=&#8221;default&#8221; global_colors_info=&#8221;{}&#8221;][et_pb_fullwidth_header title=&#8221;PILIER STRAT\u00c9GIQUE 1&#8243; subhead=&#8221;OFFRIR DE LA FORMATION EXCEPTIONNELLE EN SANT\u00c9 POUR LE NORD&#8221; background_overlay_color=&#8221;rgba(0,40,87,0.83)&#8221; _builder_version=&#8221;4.27.6&#8243; _module_preset=&#8221;default&#8221; title_font=&#8221;Barlow|300|||||||&#8221; title_text_align=&#8221;center&#8221; title_font_size=&#8221;28px&#8221; title_letter_spacing=&#8221;1px&#8221; title_line_height=&#8221;0.9em&#8221; content_font_size=&#8221;22px&#8221; content_line_height=&#8221;2.1em&#8221; subhead_font=&#8221;League Spartan|700|||||||&#8221; subhead_text_align=&#8221;center&#8221; subhead_font_size=&#8221;60px&#8221; subhead_line_height=&#8221;48px&#8221; background_image=&#8221;https:\/\/strategicplan.nosm.ca\/wp-content\/uploads\/2026\/02\/bluemapleBG-scaled.jpg&#8221; custom_margin=&#8221;||||true|false&#8221; custom_padding=&#8221;150px||150px||true|true&#8221; scroll_fade_enable=&#8221;on&#8221; title_font_size_tablet=&#8221;90px&#8221; title_font_size_phone=&#8221;18px&#8221; title_font_size_last_edited=&#8221;on|phone&#8221; content_font_size_tablet=&#8221;25px&#8221; content_font_size_phone=&#8221;22px&#8221; content_font_size_last_edited=&#8221;on|desktop&#8221; subhead_font_size_tablet=&#8221;60px&#8221; subhead_font_size_phone=&#8221;20px&#8221; subhead_font_size_last_edited=&#8221;on|phone&#8221; title_text_shadow_style=&#8221;preset1&#8243; title_text_shadow_color=&#8221;#000000&#8243; subhead_text_shadow_style=&#8221;preset1&#8243; subhead_text_shadow_color=&#8221;#000000&#8243; text_shadow_style=&#8221;preset1&#8243; text_shadow_color=&#8221;#000000&#8243; global_colors_info=&#8221;{}&#8221;][\/et_pb_fullwidth_header][\/et_pb_section][et_pb_section fb_built=&#8221;1&#8243; fullwidth=&#8221;on&#8221; disabled_on=&#8221;off|on|on&#8221; module_id=&#8221;Header \u2014 Rooted in the North&#8221; _builder_version=&#8221;4.27.6&#8243; _module_preset=&#8221;default&#8221; global_colors_info=&#8221;{}&#8221;][et_pb_fullwidth_header title=&#8221;PILIER STRAT\u00c9GIQUE 1&#8243; subhead=&#8221;OFFRIR DE LA FORMATION EXCEPTIONNELLE EN SANT\u00c9 POUR LE NORD&#8221; background_overlay_color=&#8221;rgba(0,40,87,0.83)&#8221; _builder_version=&#8221;4.27.6&#8243; _module_preset=&#8221;default&#8221; title_font=&#8221;Barlow|300|||||||&#8221; title_text_align=&#8221;center&#8221; title_font_size=&#8221;28px&#8221; title_letter_spacing=&#8221;1px&#8221; title_line_height=&#8221;0.9em&#8221; content_font_size=&#8221;22px&#8221; content_line_height=&#8221;2.1em&#8221; subhead_font=&#8221;League Spartan|700|||||||&#8221; subhead_text_align=&#8221;center&#8221; subhead_font_size=&#8221;60px&#8221; subhead_line_height=&#8221;1.2em&#8221; background_image=&#8221;https:\/\/strategicplan.nosm.ca\/wp-content\/uploads\/2026\/02\/bluemapleBG-scaled.jpg&#8221; custom_margin=&#8221;||||true|false&#8221; custom_padding=&#8221;150px||150px||true|true&#8221; scroll_fade_enable=&#8221;on&#8221; title_font_size_tablet=&#8221;90px&#8221; title_font_size_phone=&#8221;20px&#8221; title_font_size_last_edited=&#8221;on|phone&#8221; content_font_size_tablet=&#8221;25px&#8221; content_font_size_phone=&#8221;23px&#8221; content_font_size_last_edited=&#8221;on|desktop&#8221; subhead_font_size_tablet=&#8221;60px&#8221; subhead_font_size_phone=&#8221;28px&#8221; subhead_font_size_last_edited=&#8221;on|phone&#8221; title_text_shadow_style=&#8221;preset1&#8243; title_text_shadow_color=&#8221;#000000&#8243; subhead_text_shadow_style=&#8221;preset1&#8243; subhead_text_shadow_color=&#8221;#000000&#8243; text_shadow_style=&#8221;preset1&#8243; text_shadow_color=&#8221;#000000&#8243; global_colors_info=&#8221;{}&#8221;][\/et_pb_fullwidth_header][\/et_pb_section][et_pb_section fb_built=&#8221;1&#8243; admin_label=&#8221;Vision and Mission&#8221; module_id=&#8221;PILIER STRAT\u00c9GIQUE 1&#8243; _builder_version=&#8221;4.27.6&#8243; _module_preset=&#8221;default&#8221; global_colors_info=&#8221;{}&#8221;][et_pb_row _builder_version=&#8221;4.27.6&#8243; _module_preset=&#8221;default&#8221; global_colors_info=&#8221;{}&#8221;][et_pb_column type=&#8221;4_4&#8243; _builder_version=&#8221;4.27.5&#8243; _module_preset=&#8221;default&#8221; global_colors_info=&#8221;{}&#8221;][et_pb_text _builder_version=&#8221;4.27.6&#8243; _module_preset=&#8221;default&#8221; text_font_size=&#8221;18px&#8221; text_line_height=&#8221;2.4em&#8221; header_2_font_size=&#8221;36px&#8221; header_2_line_height=&#8221;0.8em&#8221; global_colors_info=&#8221;{}&#8221;]<\/p>\n<p>L\u2019Universit\u00e9 de l\u2019EMNO offre une exp\u00e9rience exceptionnelle centr\u00e9e sur l\u2019\u00e9tudiant qui dote la population \u00e9tudiante de l\u2019expertise avanc\u00e9e en sant\u00e9 et des comp\u00e9tences culturelles adapt\u00e9es aux besoins du Nord. Nous \u00e9tablissons un environnement dynamique, inclusif et culturellement s\u00e9curitaire appropri\u00e9 pour les communaut\u00e9s autochtones, francophones et rurales. Surtout, nous veillons \u00e0 ce que notre croissance soit financi\u00e8rement viable afin d\u2019assurer notre avenir \u00e0 long terme alors que nous continuons de fa\u00e7onner la formation en sant\u00e9 dans le Nord. Nous sommes d\u00e9termin\u00e9s \u00e0 am\u00e9liorer continuellement l\u2019exp\u00e9rience \u00e9tudiante gr\u00e2ce \u00e0 l\u2019innovation, la collaboration et la r\u00e9flexion.   <\/p>\n<p>[\/et_pb_text][\/et_pb_column][\/et_pb_row][\/et_pb_section][et_pb_section fb_built=&#8221;1&#8243; admin_label=&#8221;Vision and Mission&#8221; module_id=&#8221;PILIER STRAT\u00c9GIQUE 1&#8243; _builder_version=&#8221;4.27.6&#8243; _module_preset=&#8221;default&#8221; background_color=&#8221;rgba(0,0,0,0.1)&#8221; global_colors_info=&#8221;{}&#8221;][et_pb_row _builder_version=&#8221;4.27.6&#8243; _module_preset=&#8221;default&#8221; global_colors_info=&#8221;{}&#8221;][et_pb_column type=&#8221;4_4&#8243; _builder_version=&#8221;4.27.5&#8243; _module_preset=&#8221;default&#8221; global_colors_info=&#8221;{}&#8221;][et_pb_text _builder_version=&#8221;4.27.6&#8243; _module_preset=&#8221;default&#8221; text_font_size=&#8221;18px&#8221; text_line_height=&#8221;2.4em&#8221; header_2_font_size=&#8221;36px&#8221; header_2_line_height=&#8221;0.8em&#8221; global_colors_info=&#8221;{}&#8221;]<\/p>\n<h2>NOS INITIATIVES STRAT\u00c9GIQUES<\/h2>\n<ul>\n<li style=\"padding-bottom: 20px;\">\n<p class=\"p1\">Int\u00e9grer du contenu culturellement et contextuellement appropri\u00e9 dans les programmes d\u2019\u00e9tudes.<\/p>\n<\/li>\n<li style=\"padding-bottom: 20px;\">\n<p class=\"p1\">Am\u00e9liorer l\u2019acc\u00e8s et l\u2019exp\u00e9rience pour la population \u00e9tudiante du Nord, autochtone, francophone et rurale depuis le recrutement jusqu\u2019\u00e0 l\u2019obtention du grade.<\/p>\n<\/li>\n<li style=\"padding-bottom: 20px;\">\n<p class=\"p1\">Collaborer avec le corps professoral pour concevoir des mod\u00e8les d\u2019enseignement novateurs, ax\u00e9s sur la population \u00e9tudiante et sur la communaut\u00e9, comme l\u2019apprentissage par simulation et \u00e0 plusieurs niveaux.<\/p>\n<\/li>\n<li style=\"padding-bottom: 20px;\">\n<p class=\"p1\">\u00c9laborer de nouveaux programmes d\u2019enseignement et d\u2019\u00e9ducation continue qui donnent la priorit\u00e9 aux besoins communautaires et sont financi\u00e8rement viables.<\/p>\n<\/li>\n<\/ul>\n<p>[\/et_pb_text][\/et_pb_column][\/et_pb_row][\/et_pb_section][et_pb_section fb_built=&#8221;1&#8243; admin_label=&#8221;Vision and Mission&#8221; module_id=&#8221;PILIER STRAT\u00c9GIQUE 1&#8243; _builder_version=&#8221;4.27.6&#8243; _module_preset=&#8221;default&#8221; global_colors_info=&#8221;{}&#8221;][et_pb_row _builder_version=&#8221;4.27.6&#8243; _module_preset=&#8221;default&#8221; global_colors_info=&#8221;{}&#8221;][et_pb_column type=&#8221;4_4&#8243; _builder_version=&#8221;4.27.5&#8243; _module_preset=&#8221;default&#8221; global_colors_info=&#8221;{}&#8221;][et_pb_text _builder_version=&#8221;4.27.6&#8243; _module_preset=&#8221;default&#8221; text_font_size=&#8221;18px&#8221; text_line_height=&#8221;2.4em&#8221; header_2_font_size=&#8221;36px&#8221; header_2_line_height=&#8221;0.8em&#8221; global_colors_info=&#8221;{}&#8221;]<\/p>\n<h2 class=\"p1\"><span class=\"s1\"><b>NOTRE VISION DU SUCC\u00c8S DANS CINQ ANS<\/b><\/span><\/h2>\n<p class=\"p1\">L\u2019Universit\u00e9 de l\u2019EMNO aura un programme d\u2019\u00e9tudes int\u00e9gr\u00e9 qui refl\u00e8tera les r\u00e9alit\u00e9s culturelles et de la sant\u00e9 dans le Nord de l\u2019Ontario. La population \u00e9tudiante des communaut\u00e9s autochtones, francophones et rurales auront un meilleur acc\u00e8s, un meilleur soutien et de meilleurs r\u00e9sultats, et un nombre accru de dipl\u00f4m\u00e9es et dipl\u00f4m\u00e9s choisiront d\u2019exercer dans le Nord. Des mod\u00e8les d\u2019enseignement novateurs ax\u00e9s sur la communaut\u00e9 seront int\u00e9gr\u00e9s dans la r\u00e9gion, ce qui renforcera la capacit\u00e9 locale et les relations entre la population \u00e9tudiante et les communaut\u00e9s.  <\/p>\n<p>[\/et_pb_text][\/et_pb_column][\/et_pb_row][\/et_pb_section][et_pb_section fb_built=&#8221;1&#8243; fullwidth=&#8221;on&#8221; admin_label=&#8221;Trees Image&#8221; module_id=&#8221;Trees Image&#8221; _builder_version=&#8221;4.27.6&#8243; _module_preset=&#8221;default&#8221; animation_style=&#8221;fade&#8221; global_colors_info=&#8221;{}&#8221;][et_pb_fullwidth_image src=&#8221;https:\/\/strategicplan.nosm.ca\/wp-content\/uploads\/2026\/03\/Pillar1.jpg&#8221; alt=&#8221;NOSM University Students learn in the medical lab.&#8221; title_text=&#8221;PILIER STRAT\u00c9GIQUE 1&#8243; _builder_version=&#8221;4.27.6&#8243; _module_preset=&#8221;default&#8221; hover_enabled=&#8221;0&#8243; global_colors_info=&#8221;{}&#8221; sticky_enabled=&#8221;0&#8243;][\/et_pb_fullwidth_image][\/et_pb_section][et_pb_section fb_built=&#8221;1&#8243; admin_label=&#8221;Vision and Mission&#8221; module_id=&#8221;PILIER STRAT\u00c9GIQUE 1&#8243; _builder_version=&#8221;4.27.6&#8243; _module_preset=&#8221;default&#8221; global_colors_info=&#8221;{}&#8221;][et_pb_row _builder_version=&#8221;4.27.6&#8243; _module_preset=&#8221;default&#8221; global_colors_info=&#8221;{}&#8221;][et_pb_column type=&#8221;4_4&#8243; _builder_version=&#8221;4.27.5&#8243; _module_preset=&#8221;default&#8221; global_colors_info=&#8221;{}&#8221;][et_pb_text _builder_version=&#8221;4.27.6&#8243; _module_preset=&#8221;default&#8221; text_font_size=&#8221;18px&#8221; text_line_height=&#8221;2.4em&#8221; header_2_font_size=&#8221;36px&#8221; header_2_line_height=&#8221;0.8em&#8221; global_colors_info=&#8221;{}&#8221;]<\/p>\n<h2 class=\"p1\"><span class=\"s1\"><b>COMMENT NOUS MESURERONS NOTRE SUCC\u00c8S<\/b><\/span><\/h2>\n<ul>\n<li style=\"padding-bottom: 20px;\">\n<p class=\"p1\">En 2031, tous les programmes d\u2019enseignement r\u00e9pondront aux normes culturelle et contextuelle, comme le montreront les examens annuels qui confirmeront l\u2019alignement sur des cadres de travail reconnus, rendront compte des commentaires des personnes en ayant fait l\u2019exp\u00e9rience, et augmenteront la participation du corps professoral \u00e0 la formation \u00e0 la comp\u00e9tence culturelle.<\/p>\n<\/li>\n<li style=\"padding-bottom: 20px;\">\n<p class=\"p1\">En 2031, l\u2019Universit\u00e9 de l\u2019EMNO affichera des progr\u00e8s tangibles \u00e0 l\u2019\u00e9chelle du syst\u00e8me concernant l\u2019acc\u00e8s \u00e9quitable, l\u2019exp\u00e9rience \u00e9tudiante et les r\u00e9sultats pour la population \u00e9tudiante du Nord, autochtone, francophone, rurale et noire, progr\u00e8s que valideront l\u2019augmentation des candidatures, les mesures de la satisfaction \u00e9tudiante, les am\u00e9liorations de la qualit\u00e9 \u00e9clair\u00e9es par l\u2019\u00e9quit\u00e9, ainsi que les agr\u00e9ments obtenus.<\/p>\n<\/li>\n<li style=\"padding-bottom: 20px;\">\n<p class=\"p1\">En 2031, l\u2019Universit\u00e9 de l\u2019EMNO aura montr\u00e9 qu\u2019elle est pr\u00eate pour l\u2019enseignement novateur comme en t\u00e9moigneront le corps professoral et les pr\u00e9cepteurs qualifi\u00e9s, l\u2019utilisation active de mod\u00e8les d\u2019apprentissage \u00e0 plusieurs niveaux et par la simulation dans les sites d\u2019enseignement, ainsi que l\u2019alignement document\u00e9 sur les lacunes des programmes d\u2019\u00e9tudes et les exigences d\u2019agr\u00e9ment des programmes.<\/p>\n<\/li>\n<li style=\"padding-bottom: 20px;\">\n<p class=\"p1\">En 2031, au moins 75 % des programmes, nouveaux et \u00e9largis, d\u2019\u00e9ducation permanente et de perfectionnement professionnel r\u00e9pondront aux besoins de la main-d\u2019\u0153uvre et des partenaires communautaires du Nord, seront financi\u00e8rement viables et accessibles dans le Nord de l\u2019Ontario, et seront productifs comme en t\u00e9moigneront leur grande pertinence et le haut niveau de satisfaction.<\/p>\n<\/li>\n<\/ul>\n<p>[\/et_pb_text][\/et_pb_column][\/et_pb_row][\/et_pb_section]<\/p>\n","protected":false},"excerpt":{"rendered":"<p>L\u2019Universit\u00e9 de l\u2019EMNO offre une exp\u00e9rience exceptionnelle centr\u00e9e sur l\u2019\u00e9tudiant qui dote la population \u00e9tudiante de l\u2019expertise avanc\u00e9e en sant\u00e9 et des comp\u00e9tences culturelles adapt\u00e9es aux besoins du Nord. Nous \u00e9tablissons un environnement dynamique, inclusif et culturellement s\u00e9curitaire appropri\u00e9 pour les communaut\u00e9s autochtones, francophones et rurales. Surtout, nous veillons \u00e0 ce que notre croissance soit [&hellip;]<\/p>\n","protected":false},"author":2,"featured_media":0,"parent":0,"menu_order":0,"comment_status":"closed","ping_status":"closed","template":"","meta":{"_et_pb_use_builder":"on","_et_pb_old_content":"","_et_gb_content_width":"","footnotes":""},"class_list":["post-283","page","type-page","status-publish","hentry"],"_links":{"self":[{"href":"https:\/\/strategicplan.nosm.ca\/index.php\/wp-json\/wp\/v2\/pages\/283","targetHints":{"allow":["GET"]}}],"collection":[{"href":"https:\/\/strategicplan.nosm.ca\/index.php\/wp-json\/wp\/v2\/pages"}],"about":[{"href":"https:\/\/strategicplan.nosm.ca\/index.php\/wp-json\/wp\/v2\/types\/page"}],"author":[{"embeddable":true,"href":"https:\/\/strategicplan.nosm.ca\/index.php\/wp-json\/wp\/v2\/users\/2"}],"replies":[{"embeddable":true,"href":"https:\/\/strategicplan.nosm.ca\/index.php\/wp-json\/wp\/v2\/comments?post=283"}],"version-history":[{"count":11,"href":"https:\/\/strategicplan.nosm.ca\/index.php\/wp-json\/wp\/v2\/pages\/283\/revisions"}],"predecessor-version":[{"id":312,"href":"https:\/\/strategicplan.nosm.ca\/index.php\/wp-json\/wp\/v2\/pages\/283\/revisions\/312"}],"wp:attachment":[{"href":"https:\/\/strategicplan.nosm.ca\/index.php\/wp-json\/wp\/v2\/media?parent=283"}],"curies":[{"name":"wp","href":"https:\/\/api.w.org\/{rel}","templated":true}]}}