{"id":286,"date":"2026-03-05T17:57:38","date_gmt":"2026-03-05T17:57:38","guid":{"rendered":"https:\/\/strategicplan.nosm.ca\/index.php\/pilier-strategique-2\/"},"modified":"2026-03-10T12:58:46","modified_gmt":"2026-03-10T12:58:46","slug":"pilier-strategique-2","status":"publish","type":"page","link":"https:\/\/strategicplan.nosm.ca\/index.php\/pilier-strategique-2\/?lang=fr","title":{"rendered":"Partenaires"},"content":{"rendered":"<p>[et_pb_section fb_built=&#8221;1&#8243; fullwidth=&#8221;on&#8221; disabled_on=&#8221;on|off|off&#8221; module_id=&#8221;Header \u2014 Rooted in the North&#8221; _builder_version=&#8221;4.27.6&#8243; _module_preset=&#8221;default&#8221; global_colors_info=&#8221;{}&#8221;][et_pb_fullwidth_header title=&#8221;PILIER STRAT\u00c9GIQUE 2&#8243; subhead=&#8221;\u00c9TABLIR DES PARTENARIATS DE PREMIER PLAN AVEC LES PARTENAIRES COMMUNAUTAIRES, \u00c9DUCATIFS ET DE SANT\u00c9&#8221; background_overlay_color=&#8221;rgba(0,40,87,0.83)&#8221; _builder_version=&#8221;4.27.6&#8243; _module_preset=&#8221;default&#8221; title_font=&#8221;Barlow|300|||||||&#8221; title_text_align=&#8221;center&#8221; title_font_size=&#8221;28px&#8221; title_letter_spacing=&#8221;1px&#8221; title_line_height=&#8221;0.9em&#8221; content_font_size=&#8221;22px&#8221; content_line_height=&#8221;2.1em&#8221; subhead_font=&#8221;League Spartan|700|||||||&#8221; subhead_text_align=&#8221;center&#8221; subhead_font_size=&#8221;60px&#8221; subhead_line_height=&#8221;48px&#8221; background_image=&#8221;https:\/\/strategicplan.nosm.ca\/wp-content\/uploads\/2026\/02\/bluemapleBG-scaled.jpg&#8221; custom_margin=&#8221;||||true|false&#8221; custom_padding=&#8221;150px||150px||true|true&#8221; scroll_fade_enable=&#8221;on&#8221; title_font_size_tablet=&#8221;90px&#8221; title_font_size_phone=&#8221;18px&#8221; title_font_size_last_edited=&#8221;on|phone&#8221; content_font_size_tablet=&#8221;25px&#8221; content_font_size_phone=&#8221;22px&#8221; content_font_size_last_edited=&#8221;on|desktop&#8221; subhead_font_size_tablet=&#8221;60px&#8221; subhead_font_size_phone=&#8221;20px&#8221; subhead_font_size_last_edited=&#8221;on|phone&#8221; title_text_shadow_style=&#8221;preset1&#8243; title_text_shadow_color=&#8221;#000000&#8243; subhead_text_shadow_style=&#8221;preset1&#8243; subhead_text_shadow_color=&#8221;#000000&#8243; text_shadow_style=&#8221;preset1&#8243; text_shadow_color=&#8221;#000000&#8243; global_colors_info=&#8221;{}&#8221;][\/et_pb_fullwidth_header][\/et_pb_section][et_pb_section fb_built=&#8221;1&#8243; fullwidth=&#8221;on&#8221; disabled_on=&#8221;off|on|on&#8221; module_id=&#8221;Header \u2014 Rooted in the North&#8221; _builder_version=&#8221;4.27.6&#8243; _module_preset=&#8221;default&#8221; global_colors_info=&#8221;{}&#8221;][et_pb_fullwidth_header title=&#8221;PILIER STRAT\u00c9GIQUE 2&#8243; subhead=&#8221;\u00c9TABLIR DES PARTENARIATS DE PREMIER PLAN AVEC LES PARTENAIRES COMMUNAUTAIRES, \u00c9DUCATIFS ET DE SANT\u00c9&#8221; background_overlay_color=&#8221;rgba(0,40,87,0.83)&#8221; _builder_version=&#8221;4.27.6&#8243; _module_preset=&#8221;default&#8221; title_font=&#8221;Barlow|300|||||||&#8221; title_text_align=&#8221;center&#8221; title_font_size=&#8221;28px&#8221; title_letter_spacing=&#8221;1px&#8221; title_line_height=&#8221;0.9em&#8221; content_font_size=&#8221;22px&#8221; content_line_height=&#8221;2.1em&#8221; subhead_font=&#8221;League Spartan|700|||||||&#8221; subhead_text_align=&#8221;center&#8221; subhead_font_size=&#8221;60px&#8221; subhead_line_height=&#8221;1.3em&#8221; background_image=&#8221;https:\/\/strategicplan.nosm.ca\/wp-content\/uploads\/2026\/02\/bluemapleBG-scaled.jpg&#8221; custom_margin=&#8221;||||true|false&#8221; custom_padding=&#8221;150px||150px||true|true&#8221; scroll_fade_enable=&#8221;on&#8221; title_font_size_tablet=&#8221;90px&#8221; title_font_size_phone=&#8221;22px&#8221; title_font_size_last_edited=&#8221;on|phone&#8221; content_font_size_tablet=&#8221;25px&#8221; content_font_size_phone=&#8221;22px&#8221; content_font_size_last_edited=&#8221;on|desktop&#8221; subhead_font_size_tablet=&#8221;60px&#8221; subhead_font_size_phone=&#8221;28px&#8221; subhead_font_size_last_edited=&#8221;on|phone&#8221; title_text_shadow_style=&#8221;preset1&#8243; title_text_shadow_color=&#8221;#000000&#8243; subhead_text_shadow_style=&#8221;preset1&#8243; subhead_text_shadow_color=&#8221;#000000&#8243; text_shadow_style=&#8221;preset1&#8243; text_shadow_color=&#8221;#000000&#8243; global_colors_info=&#8221;{}&#8221;][\/et_pb_fullwidth_header][\/et_pb_section][et_pb_section fb_built=&#8221;1&#8243; admin_label=&#8221;Vision and Mission&#8221; module_id=&#8221;PILIER STRAT\u00c9GIQUE 1&#8243; _builder_version=&#8221;4.27.6&#8243; _module_preset=&#8221;default&#8221; global_colors_info=&#8221;{}&#8221;][et_pb_row _builder_version=&#8221;4.27.6&#8243; _module_preset=&#8221;default&#8221; global_colors_info=&#8221;{}&#8221;][et_pb_column type=&#8221;4_4&#8243; _builder_version=&#8221;4.27.5&#8243; _module_preset=&#8221;default&#8221; global_colors_info=&#8221;{}&#8221;][et_pb_text _builder_version=&#8221;4.27.6&#8243; _module_preset=&#8221;default&#8221; text_font_size=&#8221;18px&#8221; text_line_height=&#8221;2.4em&#8221; header_2_font_size=&#8221;36px&#8221; header_2_line_height=&#8221;0.8em&#8221; global_colors_info=&#8221;{}&#8221;]<\/p>\n<p class=\"p1\">L&#8217;Universit\u00e9 NOSM \u00e9tablit des relations solides et collaboratives avec les partenaires \u00e9ducatifs, de sant\u00e9 et communautaires. Gr\u00e2ce \u00e0 des initiatives partag\u00e9es et \u00e0 un engagement coordonn\u00e9, nous cr\u00e9ons de nouvelles opportunit\u00e9s en mati\u00e8re d&#8217;\u00e9ducation, de recherche et de sant\u00e9, fa\u00e7onnant ensemble un Nord plus sain et plus connect\u00e9. <\/p>\n<p>[\/et_pb_text][\/et_pb_column][\/et_pb_row][\/et_pb_section][et_pb_section fb_built=&#8221;1&#8243; admin_label=&#8221;Vision and Mission&#8221; module_id=&#8221;PILIER STRAT\u00c9GIQUE 1&#8243; _builder_version=&#8221;4.27.6&#8243; _module_preset=&#8221;default&#8221; background_color=&#8221;rgba(0,0,0,0.1)&#8221; global_colors_info=&#8221;{}&#8221;][et_pb_row _builder_version=&#8221;4.27.6&#8243; _module_preset=&#8221;default&#8221; global_colors_info=&#8221;{}&#8221;][et_pb_column type=&#8221;4_4&#8243; _builder_version=&#8221;4.27.5&#8243; _module_preset=&#8221;default&#8221; global_colors_info=&#8221;{}&#8221;][et_pb_text _builder_version=&#8221;4.27.6&#8243; _module_preset=&#8221;default&#8221; text_font_size=&#8221;18px&#8221; text_line_height=&#8221;2.4em&#8221; header_2_font_size=&#8221;36px&#8221; header_2_line_height=&#8221;0.8em&#8221; global_colors_info=&#8221;{}&#8221;]<\/p>\n<h2>NOS INITIATIVES STRAT\u00c9GIQUES<\/h2>\n<ul>\n<li style=\"padding-bottom: 20px;\">\n<p class=\"p1\">Renforcer l&#8217;alignement strat\u00e9gique avec les partenaires du syst\u00e8me de sant\u00e9.<\/p>\n<\/li>\n<li style=\"padding-bottom: 20px;\">\n<p class=\"p1\">D\u00e9velopper des offres acad\u00e9miques en collaboration avec les universit\u00e9s, coll\u00e8ges et instituts d&#8217;enseignement autochtones partenaires.<\/p>\n<\/li>\n<li style=\"padding-bottom: 20px;\">\n<p class=\"p1\">Renforcer les partenariats avec les communaut\u00e9s autochtones, francophones et rurales.<\/p>\n<\/li>\n<li style=\"padding-bottom: 20px;\">\n<p class=\"p1\">Collaborer avec les municipalit\u00e9s, les Premi\u00e8res Nations et les communaut\u00e9s sur les politiques, les op\u00e9rations durables et les opportunit\u00e9s de financement.<\/p>\n<\/li>\n<\/ul>\n<p>[\/et_pb_text][\/et_pb_column][\/et_pb_row][\/et_pb_section][et_pb_section fb_built=&#8221;1&#8243; admin_label=&#8221;Vision and Mission&#8221; module_id=&#8221;PILIER STRAT\u00c9GIQUE 1&#8243; _builder_version=&#8221;4.27.6&#8243; _module_preset=&#8221;default&#8221; global_colors_info=&#8221;{}&#8221;][et_pb_row _builder_version=&#8221;4.27.6&#8243; _module_preset=&#8221;default&#8221; global_colors_info=&#8221;{}&#8221;][et_pb_column type=&#8221;4_4&#8243; _builder_version=&#8221;4.27.5&#8243; _module_preset=&#8221;default&#8221; global_colors_info=&#8221;{}&#8221;][et_pb_text _builder_version=&#8221;4.27.6&#8243; _module_preset=&#8221;default&#8221; text_font_size=&#8221;18px&#8221; text_line_height=&#8221;2.4em&#8221; header_2_font_size=&#8221;36px&#8221; header_2_line_height=&#8221;0.8em&#8221; global_colors_info=&#8221;{}&#8221;]<\/p>\n<h2 class=\"p1\"><span class=\"s1\"><b>NOTRE VISION DU SUCC\u00c8S DANS CINQ ANS<\/b><\/span><\/h2>\n<p class=\"p1\">L&#8217;Universit\u00e9 NOSM sera reconnue comme un rassembleur et un collaborateur dans tout le Nord. Ces partenariats donneront lieu \u00e0 des programmes partag\u00e9s, \u00e0 des soins et services centr\u00e9s sur la communaut\u00e9, ainsi qu&#8217;\u00e0 des efforts de d\u00e9fense conjoints qui amplifieront l&#8217;impact de l&#8217;Universit\u00e9 NOSM et r\u00e9duiront les chevauchements dans le secteur. <\/p>\n<p>[\/et_pb_text][\/et_pb_column][\/et_pb_row][\/et_pb_section][et_pb_section fb_built=&#8221;1&#8243; fullwidth=&#8221;on&#8221; admin_label=&#8221;Trees Image&#8221; module_id=&#8221;Trees Image&#8221; _builder_version=&#8221;4.27.6&#8243; _module_preset=&#8221;default&#8221; animation_style=&#8221;fade&#8221; global_colors_info=&#8221;{}&#8221;][et_pb_fullwidth_image src=&#8221;https:\/\/strategicplan.nosm.ca\/wp-content\/uploads\/2026\/03\/Pillar2.jpg&#8221; alt=&#8221;Les \u00e9tudiants de l&#039;Universit\u00e9 NOSM apprennent en participant \u00e0 diff\u00e9rentes exp\u00e9riences d&#039;apprentissage.&#8221; title_text=&#8221;Pilier2&#8243; _builder_version=&#8221;4.27.6&#8243; _module_preset=&#8221;default&#8221; hover_enabled=&#8221;0&#8243; global_colors_info=&#8221;{}&#8221; sticky_enabled=&#8221;0&#8243;][\/et_pb_fullwidth_image][\/et_pb_section][et_pb_section fb_built=&#8221;1&#8243; admin_label=&#8221;Vision and Mission&#8221; module_id=&#8221;PILIER STRAT\u00c9GIQUE 1&#8243; _builder_version=&#8221;4.27.6&#8243; _module_preset=&#8221;default&#8221; global_colors_info=&#8221;{}&#8221;][et_pb_row _builder_version=&#8221;4.27.6&#8243; _module_preset=&#8221;default&#8221; global_colors_info=&#8221;{}&#8221;][et_pb_column type=&#8221;4_4&#8243; _builder_version=&#8221;4.27.5&#8243; _module_preset=&#8221;default&#8221; global_colors_info=&#8221;{}&#8221;][et_pb_text _builder_version=&#8221;4.27.6&#8243; _module_preset=&#8221;default&#8221; text_font_size=&#8221;18px&#8221; text_line_height=&#8221;2.4em&#8221; header_2_font_size=&#8221;36px&#8221; header_2_line_height=&#8221;0.8em&#8221; global_colors_info=&#8221;{}&#8221;]<\/p>\n<h2 class=\"p1\"><span class=\"s1\"><b>COMMENT NOUS MESURERONS NOTRE SUCC\u00c8S<\/b><\/span><\/h2>\n<ul>\n<li style=\"padding-bottom: 20px;\">\n<p class=\"p1\">Au cours de la premi\u00e8re ann\u00e9e, soutenir trois collaborations de projets du R\u00e9seau universitaire des sciences de la sant\u00e9 du Nord (AHSNN).<\/p>\n<\/li>\n<li style=\"padding-bottom: 20px;\">\n<p class=\"p1\">Cod\u00e9velopper deux plans de programme avec des partenaires \u00e9ducatifs au cours des cinq prochaines ann\u00e9es.<\/p>\n<\/li>\n<li style=\"padding-bottom: 20px;\">\n<p class=\"p1\">Lancement r\u00e9ussi du Cercle pour la recherche et l&#8217;innovation en sant\u00e9 autochtone, d&#8217;ici cinq ans.<\/p>\n<\/li>\n<li style=\"padding-bottom: 20px;\">\n<p class=\"p1\">Augmenter les nouvelles initiatives de d\u00e9fense coordonn\u00e9es d&#8217;au moins un site par an, pour chacune des cinq prochaines ann\u00e9es.<\/p>\n<\/li>\n<\/ul>\n<p>[\/et_pb_text][\/et_pb_column][\/et_pb_row][\/et_pb_section]<\/p>\n","protected":false},"excerpt":{"rendered":"<p>L&#8217;Universit\u00e9 NOSM \u00e9tablit des relations solides et collaboratives avec les partenaires \u00e9ducatifs, de sant\u00e9 et communautaires. Gr\u00e2ce \u00e0 des initiatives partag\u00e9es et \u00e0 un engagement coordonn\u00e9, nous cr\u00e9ons de nouvelles opportunit\u00e9s en mati\u00e8re d&#8217;\u00e9ducation, de recherche et de sant\u00e9, fa\u00e7onnant ensemble un Nord plus sain et plus connect\u00e9. NOS INITIATIVES STRAT\u00c9GIQUES Renforcer l&#8217;alignement strat\u00e9gique avec [&hellip;]<\/p>\n","protected":false},"author":2,"featured_media":0,"parent":0,"menu_order":0,"comment_status":"closed","ping_status":"closed","template":"","meta":{"_et_pb_use_builder":"on","_et_pb_old_content":"","_et_gb_content_width":"","footnotes":""},"class_list":["post-286","page","type-page","status-publish","hentry"],"_links":{"self":[{"href":"https:\/\/strategicplan.nosm.ca\/index.php\/wp-json\/wp\/v2\/pages\/286","targetHints":{"allow":["GET"]}}],"collection":[{"href":"https:\/\/strategicplan.nosm.ca\/index.php\/wp-json\/wp\/v2\/pages"}],"about":[{"href":"https:\/\/strategicplan.nosm.ca\/index.php\/wp-json\/wp\/v2\/types\/page"}],"author":[{"embeddable":true,"href":"https:\/\/strategicplan.nosm.ca\/index.php\/wp-json\/wp\/v2\/users\/2"}],"replies":[{"embeddable":true,"href":"https:\/\/strategicplan.nosm.ca\/index.php\/wp-json\/wp\/v2\/comments?post=286"}],"version-history":[{"count":10,"href":"https:\/\/strategicplan.nosm.ca\/index.php\/wp-json\/wp\/v2\/pages\/286\/revisions"}],"predecessor-version":[{"id":318,"href":"https:\/\/strategicplan.nosm.ca\/index.php\/wp-json\/wp\/v2\/pages\/286\/revisions\/318"}],"wp:attachment":[{"href":"https:\/\/strategicplan.nosm.ca\/index.php\/wp-json\/wp\/v2\/media?parent=286"}],"curies":[{"name":"wp","href":"https:\/\/api.w.org\/{rel}","templated":true}]}}