{"id":289,"date":"2026-03-05T18:18:02","date_gmt":"2026-03-05T18:18:02","guid":{"rendered":"https:\/\/strategicplan.nosm.ca\/index.php\/pilier-strategique-3\/"},"modified":"2026-03-10T12:59:18","modified_gmt":"2026-03-10T12:59:18","slug":"pilier-strategique-3","status":"publish","type":"page","link":"https:\/\/strategicplan.nosm.ca\/index.php\/pilier-strategique-3\/?lang=fr","title":{"rendered":"Recherche"},"content":{"rendered":"<p>[et_pb_section fb_built=&#8221;1&#8243; fullwidth=&#8221;on&#8221; disabled_on=&#8221;on|off|off&#8221; module_id=&#8221;Header \u2014 Rooted in the North&#8221; _builder_version=&#8221;4.27.6&#8243; _module_preset=&#8221;default&#8221; global_colors_info=&#8221;{}&#8221;][et_pb_fullwidth_header title=&#8221;PILIER STRAT\u00c9GIQUE 3&#8243; subhead=&#8221;FAIRE AVANCER LA RECHERCHE ET LES \u00c9TUDES SUP\u00c9RIEURES DANS LE NORD&#8221; background_overlay_color=&#8221;rgba(0,40,87,0.83)&#8221; _builder_version=&#8221;4.27.6&#8243; _module_preset=&#8221;default&#8221; title_font=&#8221;Barlow|300|||||||&#8221; title_text_align=&#8221;center&#8221; title_font_size=&#8221;28px&#8221; title_letter_spacing=&#8221;1px&#8221; title_line_height=&#8221;0.9em&#8221; content_font_size=&#8221;22px&#8221; content_line_height=&#8221;2.1em&#8221; subhead_font=&#8221;League Spartan|700|||||||&#8221; subhead_text_align=&#8221;center&#8221; subhead_font_size=&#8221;60px&#8221; subhead_line_height=&#8221;48px&#8221; background_image=&#8221;https:\/\/strategicplan.nosm.ca\/wp-content\/uploads\/2026\/02\/bluemapleBG-scaled.jpg&#8221; custom_margin=&#8221;||||true|false&#8221; custom_padding=&#8221;150px||150px||true|true&#8221; scroll_fade_enable=&#8221;on&#8221; title_font_size_tablet=&#8221;90px&#8221; title_font_size_phone=&#8221;18px&#8221; title_font_size_last_edited=&#8221;on|phone&#8221; content_font_size_tablet=&#8221;25px&#8221; content_font_size_phone=&#8221;22px&#8221; content_font_size_last_edited=&#8221;on|desktop&#8221; subhead_font_size_tablet=&#8221;60px&#8221; subhead_font_size_phone=&#8221;20px&#8221; subhead_font_size_last_edited=&#8221;on|phone&#8221; title_text_shadow_style=&#8221;preset1&#8243; title_text_shadow_color=&#8221;#000000&#8243; subhead_text_shadow_style=&#8221;preset1&#8243; subhead_text_shadow_color=&#8221;#000000&#8243; text_shadow_style=&#8221;preset1&#8243; text_shadow_color=&#8221;#000000&#8243; global_colors_info=&#8221;{}&#8221;][\/et_pb_fullwidth_header][\/et_pb_section][et_pb_section fb_built=&#8221;1&#8243; fullwidth=&#8221;on&#8221; disabled_on=&#8221;off|on|on&#8221; module_id=&#8221;Header \u2014 Rooted in the North&#8221; _builder_version=&#8221;4.27.6&#8243; _module_preset=&#8221;default&#8221; global_colors_info=&#8221;{}&#8221;][et_pb_fullwidth_header title=&#8221;PILIER STRAT\u00c9GIQUE 3&#8243; subhead=&#8221;FAIRE AVANCER LA RECHERCHE ET LES \u00c9TUDES SUP\u00c9RIEURES DANS LE NORD&#8221; background_overlay_color=&#8221;rgba(0,40,87,0.83)&#8221; _builder_version=&#8221;4.27.6&#8243; _module_preset=&#8221;default&#8221; title_font=&#8221;Barlow|300|||||||&#8221; title_text_align=&#8221;center&#8221; title_font_size=&#8221;28px&#8221; title_letter_spacing=&#8221;1px&#8221; title_line_height=&#8221;0.9em&#8221; content_font_size=&#8221;22px&#8221; content_line_height=&#8221;2.1em&#8221; subhead_font=&#8221;League Spartan|700|||||||&#8221; subhead_text_align=&#8221;center&#8221; subhead_font_size=&#8221;60px&#8221; subhead_line_height=&#8221;1.3em&#8221; background_image=&#8221;https:\/\/strategicplan.nosm.ca\/wp-content\/uploads\/2026\/02\/bluemapleBG-scaled.jpg&#8221; custom_margin=&#8221;||||true|false&#8221; custom_padding=&#8221;150px||150px||true|true&#8221; scroll_fade_enable=&#8221;on&#8221; title_font_size_tablet=&#8221;90px&#8221; title_font_size_phone=&#8221;22px&#8221; title_font_size_last_edited=&#8221;on|phone&#8221; content_font_size_tablet=&#8221;25px&#8221; content_font_size_phone=&#8221;22px&#8221; content_font_size_last_edited=&#8221;on|desktop&#8221; subhead_font_size_tablet=&#8221;60px&#8221; subhead_font_size_phone=&#8221;28px&#8221; subhead_font_size_last_edited=&#8221;on|phone&#8221; title_text_shadow_style=&#8221;preset1&#8243; title_text_shadow_color=&#8221;#000000&#8243; subhead_text_shadow_style=&#8221;preset1&#8243; subhead_text_shadow_color=&#8221;#000000&#8243; text_shadow_style=&#8221;preset1&#8243; text_shadow_color=&#8221;#000000&#8243; global_colors_info=&#8221;{}&#8221;][\/et_pb_fullwidth_header][\/et_pb_section][et_pb_section fb_built=&#8221;1&#8243; admin_label=&#8221;Vision and Mission&#8221; module_id=&#8221;PILIER STRAT\u00c9GIQUE 3&#8243; _builder_version=&#8221;4.27.6&#8243; _module_preset=&#8221;default&#8221; global_colors_info=&#8221;{}&#8221;][et_pb_row _builder_version=&#8221;4.27.6&#8243; _module_preset=&#8221;default&#8221; global_colors_info=&#8221;{}&#8221;][et_pb_column type=&#8221;4_4&#8243; _builder_version=&#8221;4.27.5&#8243; _module_preset=&#8221;default&#8221; global_colors_info=&#8221;{}&#8221;][et_pb_text _builder_version=&#8221;4.27.6&#8243; _module_preset=&#8221;default&#8221; text_font_size=&#8221;18px&#8221; text_line_height=&#8221;2.4em&#8221; header_2_font_size=&#8221;36px&#8221; header_2_line_height=&#8221;0.8em&#8221; global_colors_info=&#8221;{}&#8221;]<\/p>\n<p class=\"p1\">L\u2019Universit\u00e9 de l\u2019EMNO m\u00e8ne un programme audacieux de recherche qui s\u2019attaque aux d\u00e9fis et possibilit\u00e9s uniques du Nord. Au cours des cinq prochaines ann\u00e9es, nous \u00e9tablirons l\u2019infrastructure et l\u2019expertise pour mener des recherches transformatrices et concert\u00e9es, en tirant parti des talents et de la capacit\u00e9 grandissante de nos communaut\u00e9s et de nos partenaires.<\/p>\n<p>[\/et_pb_text][\/et_pb_column][\/et_pb_row][\/et_pb_section][et_pb_section fb_built=&#8221;1&#8243; admin_label=&#8221;Vision and Mission&#8221; module_id=&#8221;PILIER STRAT\u00c9GIQUE 3&#8243; _builder_version=&#8221;4.27.6&#8243; _module_preset=&#8221;default&#8221; background_color=&#8221;rgba(0,0,0,0.1)&#8221; global_colors_info=&#8221;{}&#8221;][et_pb_row _builder_version=&#8221;4.27.6&#8243; _module_preset=&#8221;default&#8221; global_colors_info=&#8221;{}&#8221;][et_pb_column type=&#8221;4_4&#8243; _builder_version=&#8221;4.27.5&#8243; _module_preset=&#8221;default&#8221; global_colors_info=&#8221;{}&#8221;][et_pb_text _builder_version=&#8221;4.27.6&#8243; _module_preset=&#8221;default&#8221; text_font_size=&#8221;18px&#8221; text_line_height=&#8221;2.4em&#8221; header_2_font_size=&#8221;36px&#8221; header_2_line_height=&#8221;0.8em&#8221; global_colors_info=&#8221;{}&#8221;]<\/p>\n<h2>NOS INITIATIVES STRAT\u00c9GIQUES<\/h2>\n<ul>\n<li style=\"padding-bottom: 20px;\">\n<p class=\"p1\">Renforcer le leadership et l\u2019incidence de la recherche en sant\u00e9 ax\u00e9e sur le Nord.<\/p>\n<\/li>\n<li style=\"padding-bottom: 20px;\">\n<p class=\"p1\">Exploiter des possibilit\u00e9s de recherche concert\u00e9e avec les communaut\u00e9s et les partenaires du Nord.<\/p>\n<\/li>\n<li style=\"padding-bottom: 20px;\">\n<p class=\"p1\">Mettre en place et soutenir une infrastructure de recherche afin d\u2019obtenir des fonds pour la recherche subventionn\u00e9e.<\/p>\n<\/li>\n<li style=\"padding-bottom: 20px;\">\n<p class=\"p1\">Am\u00e9liorer la capacit\u00e9 de recherche de la population \u00e9tudiante et du corps professoral au moyen du mentorat, des \u00e9tudes sup\u00e9rieures et d\u2019exp\u00e9riences de recherche ax\u00e9es sur la population \u00e9tudiante.<\/p>\n<\/li>\n<\/ul>\n<p>[\/et_pb_text][\/et_pb_column][\/et_pb_row][\/et_pb_section][et_pb_section fb_built=&#8221;1&#8243; admin_label=&#8221;Vision and Mission&#8221; module_id=&#8221;PILIER STRAT\u00c9GIQUE 3&#8243; _builder_version=&#8221;4.27.6&#8243; _module_preset=&#8221;default&#8221; global_colors_info=&#8221;{}&#8221;][et_pb_row _builder_version=&#8221;4.27.6&#8243; _module_preset=&#8221;default&#8221; global_colors_info=&#8221;{}&#8221;][et_pb_column type=&#8221;4_4&#8243; _builder_version=&#8221;4.27.5&#8243; _module_preset=&#8221;default&#8221; global_colors_info=&#8221;{}&#8221;][et_pb_text _builder_version=&#8221;4.27.6&#8243; _module_preset=&#8221;default&#8221; text_font_size=&#8221;18px&#8221; text_line_height=&#8221;2.4em&#8221; header_2_font_size=&#8221;36px&#8221; header_2_line_height=&#8221;0.8em&#8221; global_colors_info=&#8221;{}&#8221;]<\/p>\n<h2 class=\"p1\"><span class=\"s1\"><b>NOTRE VISION DU SUCC\u00c8S DANS CINQ ANS<\/b><\/span><\/h2>\n<p class=\"p1\">L\u2019Universit\u00e9 de l\u2019EMNO sera un chef de file international de la recherche en sant\u00e9 dans le Nord, avec un \u00e9cosyst\u00e8me de recherche florissant qui inclut le corps professoral, la population \u00e9tudiante et des partenaires communautaires. Elle aura augment\u00e9 sa production en recherche, obtenu du financement important et construit une infrastructure qui appuie la capacit\u00e9 de recherche \u00e0 long terme.<\/p>\n<p>[\/et_pb_text][\/et_pb_column][\/et_pb_row][\/et_pb_section][et_pb_section fb_built=&#8221;1&#8243; fullwidth=&#8221;on&#8221; admin_label=&#8221;Trees Image&#8221; module_id=&#8221;Trees Image&#8221; _builder_version=&#8221;4.27.6&#8243; _module_preset=&#8221;default&#8221; animation_style=&#8221;fade&#8221; global_colors_info=&#8221;{}&#8221;][et_pb_fullwidth_image src=&#8221;https:\/\/strategicplan.nosm.ca\/wp-content\/uploads\/2026\/03\/Pillar3.jpg&#8221; alt=&#8221;NOSM University&#039;s research lab.&#8221; title_text=&#8221;Pillar3&#8243; _builder_version=&#8221;4.27.6&#8243; _module_preset=&#8221;default&#8221; hover_enabled=&#8221;0&#8243; global_colors_info=&#8221;{}&#8221; sticky_enabled=&#8221;0&#8243;][\/et_pb_fullwidth_image][\/et_pb_section][et_pb_section fb_built=&#8221;1&#8243; admin_label=&#8221;Vision and Mission&#8221; module_id=&#8221;PILIER STRAT\u00c9GIQUE 3&#8243; _builder_version=&#8221;4.27.6&#8243; _module_preset=&#8221;default&#8221; global_colors_info=&#8221;{}&#8221;][et_pb_row _builder_version=&#8221;4.27.6&#8243; _module_preset=&#8221;default&#8221; global_colors_info=&#8221;{}&#8221;][et_pb_column type=&#8221;4_4&#8243; _builder_version=&#8221;4.27.5&#8243; _module_preset=&#8221;default&#8221; global_colors_info=&#8221;{}&#8221;][et_pb_text _builder_version=&#8221;4.27.6&#8243; _module_preset=&#8221;default&#8221; text_font_size=&#8221;18px&#8221; text_line_height=&#8221;2.4em&#8221; header_2_font_size=&#8221;36px&#8221; header_2_line_height=&#8221;0.8em&#8221; global_colors_info=&#8221;{}&#8221;]<\/p>\n<h2 class=\"p1\"><span class=\"s1\"><b>COMMENT NOUS MESURERONS NOTRE SUCC\u00c8S<\/b><\/span><\/h2>\n<ul>\n<li style=\"padding-bottom: 20px;\">\n<p class=\"p1\">Nous enregistrerons une augmentation annuelle de 3 % des publications de notre corps professoral soumises \u00e0 un comit\u00e9 de lecture.<\/p>\n<\/li>\n<li style=\"padding-bottom: 20px;\">\n<p class=\"p1\">Nous enregistrerons une augmentation annuelle de 10 % des activit\u00e9s de recherche concert\u00e9e avec des communaut\u00e9s du Nord et des partenaires.<\/p>\n<\/li>\n<li style=\"padding-bottom: 20px;\">\n<p class=\"p1\">En 2029, nous aurons r\u00e9pondu \u00e0 toutes les exigences pour administrer ind\u00e9pendamment les fonds des trois Conseils.<\/p>\n<\/li>\n<li style=\"padding-bottom: 20px;\">\n<p class=\"p1\">Nous aurons augment\u00e9 chaque ann\u00e9e de 10 % la population \u00e9tudiante des \u00e9tudes sup\u00e9rieures supervis\u00e9e par notre corps professoral et \u00e9largi de 5 % la participation de ce dernier aux \u00e9tudes sup\u00e9rieures \u00e0 divers titres (enseignant, superviseur, membre de comit\u00e9 de th\u00e8se, membre de comit\u00e9 de programme).<\/p>\n<\/li>\n<\/ul>\n<p>[\/et_pb_text][\/et_pb_column][\/et_pb_row][\/et_pb_section]<\/p>\n","protected":false},"excerpt":{"rendered":"<p>L\u2019Universit\u00e9 de l\u2019EMNO m\u00e8ne un programme audacieux de recherche qui s\u2019attaque aux d\u00e9fis et possibilit\u00e9s uniques du Nord. Au cours des cinq prochaines ann\u00e9es, nous \u00e9tablirons l\u2019infrastructure et l\u2019expertise pour mener des recherches transformatrices et concert\u00e9es, en tirant parti des talents et de la capacit\u00e9 grandissante de nos communaut\u00e9s et de nos partenaires.NOS INITIATIVES STRAT\u00c9GIQUES [&hellip;]<\/p>\n","protected":false},"author":2,"featured_media":0,"parent":0,"menu_order":0,"comment_status":"closed","ping_status":"closed","template":"","meta":{"_et_pb_use_builder":"on","_et_pb_old_content":"","_et_gb_content_width":"","footnotes":""},"class_list":["post-289","page","type-page","status-publish","hentry"],"_links":{"self":[{"href":"https:\/\/strategicplan.nosm.ca\/index.php\/wp-json\/wp\/v2\/pages\/289","targetHints":{"allow":["GET"]}}],"collection":[{"href":"https:\/\/strategicplan.nosm.ca\/index.php\/wp-json\/wp\/v2\/pages"}],"about":[{"href":"https:\/\/strategicplan.nosm.ca\/index.php\/wp-json\/wp\/v2\/types\/page"}],"author":[{"embeddable":true,"href":"https:\/\/strategicplan.nosm.ca\/index.php\/wp-json\/wp\/v2\/users\/2"}],"replies":[{"embeddable":true,"href":"https:\/\/strategicplan.nosm.ca\/index.php\/wp-json\/wp\/v2\/comments?post=289"}],"version-history":[{"count":7,"href":"https:\/\/strategicplan.nosm.ca\/index.php\/wp-json\/wp\/v2\/pages\/289\/revisions"}],"predecessor-version":[{"id":326,"href":"https:\/\/strategicplan.nosm.ca\/index.php\/wp-json\/wp\/v2\/pages\/289\/revisions\/326"}],"wp:attachment":[{"href":"https:\/\/strategicplan.nosm.ca\/index.php\/wp-json\/wp\/v2\/media?parent=289"}],"curies":[{"name":"wp","href":"https:\/\/api.w.org\/{rel}","templated":true}]}}