{"id":292,"date":"2026-03-05T18:27:26","date_gmt":"2026-03-05T18:27:26","guid":{"rendered":"https:\/\/strategicplan.nosm.ca\/index.php\/pilier-strategique-4\/"},"modified":"2026-03-10T12:59:18","modified_gmt":"2026-03-10T12:59:18","slug":"pilier-strategique-4","status":"publish","type":"page","link":"https:\/\/strategicplan.nosm.ca\/index.php\/pilier-strategique-4\/?lang=fr","title":{"rendered":"Croissance"},"content":{"rendered":"<p>[et_pb_section fb_built=&#8221;1&#8243; fullwidth=&#8221;on&#8221; disabled_on=&#8221;on|off|off&#8221; module_id=&#8221;Header \u2014 Rooted in the North&#8221; _builder_version=&#8221;4.27.6&#8243; _module_preset=&#8221;default&#8221; global_colors_info=&#8221;{}&#8221;][et_pb_fullwidth_header title=&#8221;PILIER STRAT\u00c9GIQUE 4&#8243; subhead=&#8221;STRENGTHEN RENFORCER LES FONDEMENTS DE L\u2019UNIVERSIT\u00c9 DE L\u2019EMNO POUR PERMETTRE LA CROISSANCE&#8221; background_overlay_color=&#8221;rgba(0,40,87,0.83)&#8221; _builder_version=&#8221;4.27.6&#8243; _module_preset=&#8221;default&#8221; title_font=&#8221;Barlow|300|||||||&#8221; title_text_align=&#8221;center&#8221; title_font_size=&#8221;28px&#8221; title_letter_spacing=&#8221;1px&#8221; title_line_height=&#8221;0.9em&#8221; content_font_size=&#8221;22px&#8221; content_line_height=&#8221;2.1em&#8221; subhead_font=&#8221;League Spartan|700|||||||&#8221; subhead_text_align=&#8221;center&#8221; subhead_font_size=&#8221;60px&#8221; subhead_line_height=&#8221;48px&#8221; background_image=&#8221;https:\/\/strategicplan.nosm.ca\/wp-content\/uploads\/2026\/02\/bluemapleBG-scaled.jpg&#8221; custom_margin=&#8221;||||true|false&#8221; custom_padding=&#8221;150px||150px||true|true&#8221; scroll_fade_enable=&#8221;on&#8221; title_font_size_tablet=&#8221;90px&#8221; title_font_size_phone=&#8221;18px&#8221; title_font_size_last_edited=&#8221;on|phone&#8221; content_font_size_tablet=&#8221;25px&#8221; content_font_size_phone=&#8221;22px&#8221; content_font_size_last_edited=&#8221;on|desktop&#8221; subhead_font_size_tablet=&#8221;60px&#8221; subhead_font_size_phone=&#8221;20px&#8221; subhead_font_size_last_edited=&#8221;on|phone&#8221; title_text_shadow_style=&#8221;preset1&#8243; title_text_shadow_color=&#8221;#000000&#8243; subhead_text_shadow_style=&#8221;preset1&#8243; subhead_text_shadow_color=&#8221;#000000&#8243; text_shadow_style=&#8221;preset1&#8243; text_shadow_color=&#8221;#000000&#8243; global_colors_info=&#8221;{}&#8221;][\/et_pb_fullwidth_header][\/et_pb_section][et_pb_section fb_built=&#8221;1&#8243; fullwidth=&#8221;on&#8221; disabled_on=&#8221;off|on|on&#8221; module_id=&#8221;Header \u2014 Rooted in the North&#8221; _builder_version=&#8221;4.27.6&#8243; _module_preset=&#8221;default&#8221; global_colors_info=&#8221;{}&#8221;][et_pb_fullwidth_header title=&#8221;PILIER STRAT\u00c9GIQUE 4&#8243; subhead=&#8221;STRENGTHEN RENFORCER LES FONDEMENTS DE L\u2019UNIVERSIT\u00c9 DE L\u2019EMNO POUR PERMETTRE LA CROISSANCE&#8221; background_overlay_color=&#8221;rgba(0,40,87,0.83)&#8221; _builder_version=&#8221;4.27.6&#8243; _module_preset=&#8221;default&#8221; title_font=&#8221;Barlow|300|||||||&#8221; title_text_align=&#8221;center&#8221; title_font_size=&#8221;28px&#8221; title_letter_spacing=&#8221;1px&#8221; title_line_height=&#8221;0.9em&#8221; content_font_size=&#8221;22px&#8221; content_line_height=&#8221;2.1em&#8221; subhead_font=&#8221;League Spartan|700|||||||&#8221; subhead_text_align=&#8221;center&#8221; subhead_font_size=&#8221;60px&#8221; subhead_line_height=&#8221;1.3em&#8221; background_image=&#8221;https:\/\/strategicplan.nosm.ca\/wp-content\/uploads\/2026\/02\/bluemapleBG-scaled.jpg&#8221; custom_margin=&#8221;||||true|false&#8221; custom_padding=&#8221;150px||150px||true|true&#8221; scroll_fade_enable=&#8221;on&#8221; title_font_size_tablet=&#8221;90px&#8221; title_font_size_phone=&#8221;22px&#8221; title_font_size_last_edited=&#8221;on|phone&#8221; content_font_size_tablet=&#8221;25px&#8221; content_font_size_phone=&#8221;22px&#8221; content_font_size_last_edited=&#8221;on|desktop&#8221; subhead_font_size_tablet=&#8221;60px&#8221; subhead_font_size_phone=&#8221;28px&#8221; subhead_font_size_last_edited=&#8221;on|phone&#8221; title_text_shadow_style=&#8221;preset1&#8243; title_text_shadow_color=&#8221;#000000&#8243; subhead_text_shadow_style=&#8221;preset1&#8243; subhead_text_shadow_color=&#8221;#000000&#8243; text_shadow_style=&#8221;preset1&#8243; text_shadow_color=&#8221;#000000&#8243; global_colors_info=&#8221;{}&#8221;][\/et_pb_fullwidth_header][\/et_pb_section][et_pb_section fb_built=&#8221;1&#8243; admin_label=&#8221;Vision and Mission&#8221; module_id=&#8221;PILIER STRAT\u00c9GIQUE 4&#8243; _builder_version=&#8221;4.27.6&#8243; _module_preset=&#8221;default&#8221; global_colors_info=&#8221;{}&#8221;][et_pb_row _builder_version=&#8221;4.27.6&#8243; _module_preset=&#8221;default&#8221; global_colors_info=&#8221;{}&#8221;][et_pb_column type=&#8221;4_4&#8243; _builder_version=&#8221;4.27.5&#8243; _module_preset=&#8221;default&#8221; global_colors_info=&#8221;{}&#8221;][et_pb_text _builder_version=&#8221;4.27.6&#8243; _module_preset=&#8221;default&#8221; text_font_size=&#8221;18px&#8221; text_line_height=&#8221;2.4em&#8221; header_2_font_size=&#8221;36px&#8221; header_2_line_height=&#8221;0.8em&#8221; global_colors_info=&#8221;{}&#8221;]<\/p>\n<p class=\"p1\">L\u2019Universit\u00e9 de l\u2019EMNO est d\u00e9termin\u00e9e \u00e0 assurer sa croissance stable et \u00e0 long terme afin de pouvoir honorer sa mission. Au cours des cinq prochaines ann\u00e9es, nous explorerons des mod\u00e8les d\u2019enseignement et administratifs optimaux pour appuyer cette croissance. Nous veillerons \u00e9galement \u00e0 ce que nos \u00e9l\u00e9ments fondamentaux (nos \u00e9difices, technologies, syst\u00e8mes et gens) soient s\u00fbrs et adaptables aux besoins de l\u2019Universit\u00e9 et s\u2019alignent sur nos engagements envers les parties prenantes autochtones, francophones et rurales.<\/p>\n<p>[\/et_pb_text][\/et_pb_column][\/et_pb_row][\/et_pb_section][et_pb_section fb_built=&#8221;1&#8243; admin_label=&#8221;Vision and Mission&#8221; module_id=&#8221;PILIER STRAT\u00c9GIQUE 4&#8243; _builder_version=&#8221;4.27.6&#8243; _module_preset=&#8221;default&#8221; background_color=&#8221;rgba(0,0,0,0.1)&#8221; global_colors_info=&#8221;{}&#8221;][et_pb_row _builder_version=&#8221;4.27.6&#8243; _module_preset=&#8221;default&#8221; global_colors_info=&#8221;{}&#8221;][et_pb_column type=&#8221;4_4&#8243; _builder_version=&#8221;4.27.5&#8243; _module_preset=&#8221;default&#8221; global_colors_info=&#8221;{}&#8221;][et_pb_text _builder_version=&#8221;4.27.6&#8243; _module_preset=&#8221;default&#8221; text_font_size=&#8221;18px&#8221; text_line_height=&#8221;2.4em&#8221; header_2_font_size=&#8221;36px&#8221; header_2_line_height=&#8221;0.8em&#8221; global_colors_info=&#8221;{}&#8221;]<\/p>\n<h2>NOS INITIATIVES STRAT\u00c9GIQUES<\/h2>\n<ul>\n<li style=\"padding-bottom: 20px;\">\n<p class=\"p1\">Mettre \u00e0 niveau et moderniser les mod\u00e8les d\u2019enseignement et administratifs pour appuyer la nouvelle croissance.<\/p>\n<\/li>\n<li style=\"padding-bottom: 20px;\">\n<p class=\"p1\">Stabiliser l\u2019infrastructure immobili\u00e8re.<\/p>\n<\/li>\n<li style=\"padding-bottom: 20px;\">\n<p class=\"p1\">Continuer d\u2019optimiser nos processus afin d\u2019am\u00e9liorer notre efficacit\u00e9 ainsi que la satisfaction et le maintien en poste des employ\u00e9es et employ\u00e9s.<\/p>\n<\/li>\n<li style=\"padding-bottom: 20px;\">\n<p class=\"p1\">Renforcer la capacit\u00e9 des dirigeants et du personnel au moyen de la planification de la rel\u00e8ve et du mentorat.<\/p>\n<\/li>\n<\/ul>\n<p>[\/et_pb_text][\/et_pb_column][\/et_pb_row][\/et_pb_section][et_pb_section fb_built=&#8221;1&#8243; admin_label=&#8221;Vision and Mission&#8221; module_id=&#8221;PILIER STRAT\u00c9GIQUE 4&#8243; _builder_version=&#8221;4.27.6&#8243; _module_preset=&#8221;default&#8221; global_colors_info=&#8221;{}&#8221;][et_pb_row _builder_version=&#8221;4.27.6&#8243; _module_preset=&#8221;default&#8221; global_colors_info=&#8221;{}&#8221;][et_pb_column type=&#8221;4_4&#8243; _builder_version=&#8221;4.27.5&#8243; _module_preset=&#8221;default&#8221; global_colors_info=&#8221;{}&#8221;][et_pb_text _builder_version=&#8221;4.27.6&#8243; _module_preset=&#8221;default&#8221; text_font_size=&#8221;18px&#8221; text_line_height=&#8221;2.4em&#8221; header_2_font_size=&#8221;36px&#8221; header_2_line_height=&#8221;0.8em&#8221; global_colors_info=&#8221;{}&#8221;]<\/p>\n<h2 class=\"p1\"><span class=\"s1\"><b>NOTRE VISION DU SUCC\u00c8S DANS CINQ ANS<\/b><\/span><\/h2>\n<p class=\"p1\">L\u2019Universit\u00e9 de l\u2019EMNO aura \u00e9largi son empreinte physique avec des installations \u00e0 long terme s\u00e9curitaires et \u00e9cologiques. Les syst\u00e8mes administratifs et d\u2019enseignement seront simplifi\u00e9s et \u00e9volutifs et appuieront de nouveaux programmes et l\u2019augmentation des inscriptions. L\u2019Universit\u00e9 affichera une solide capacit\u00e9 interne marqu\u00e9e par le maintien en poste et l\u2019engagement du personnel et du corps professoral ainsi que la pr\u00e9paration \u00e0 r\u00e9pondre aux futures demandes.<br \/>\nThe University will demonstrate strong internal capacity, with high retention and engagement among staff and faculty, and readiness to meet future demands.  <\/p>\n<p>[\/et_pb_text][\/et_pb_column][\/et_pb_row][\/et_pb_section][et_pb_section fb_built=&#8221;1&#8243; fullwidth=&#8221;on&#8221; admin_label=&#8221;Trees Image&#8221; module_id=&#8221;Trees Image&#8221; _builder_version=&#8221;4.27.6&#8243; _module_preset=&#8221;default&#8221; animation_style=&#8221;fade&#8221; global_colors_info=&#8221;{}&#8221;][et_pb_fullwidth_image src=&#8221;https:\/\/strategicplan.nosm.ca\/wp-content\/uploads\/2026\/03\/Pillar4.jpg&#8221; alt=&#8221;NOSM University&#039;s award winning staff and faculty.&#8221; title_text=&#8221;PILIER STRAT\u00c9GIQUE 4&#8243; _builder_version=&#8221;4.27.6&#8243; _module_preset=&#8221;default&#8221; hover_enabled=&#8221;0&#8243; global_colors_info=&#8221;{}&#8221; sticky_enabled=&#8221;0&#8243;][\/et_pb_fullwidth_image][\/et_pb_section][et_pb_section fb_built=&#8221;1&#8243; admin_label=&#8221;Vision and Mission&#8221; module_id=&#8221;PILIER STRAT\u00c9GIQUE 4&#8243; _builder_version=&#8221;4.27.6&#8243; _module_preset=&#8221;default&#8221; global_colors_info=&#8221;{}&#8221;][et_pb_row _builder_version=&#8221;4.27.6&#8243; _module_preset=&#8221;default&#8221; global_colors_info=&#8221;{}&#8221;][et_pb_column type=&#8221;4_4&#8243; _builder_version=&#8221;4.27.5&#8243; _module_preset=&#8221;default&#8221; global_colors_info=&#8221;{}&#8221;][et_pb_text _builder_version=&#8221;4.27.6&#8243; _module_preset=&#8221;default&#8221; text_font_size=&#8221;18px&#8221; text_line_height=&#8221;2.4em&#8221; header_2_font_size=&#8221;36px&#8221; header_2_line_height=&#8221;0.8em&#8221; global_colors_info=&#8221;{}&#8221;]<\/p>\n<h2 class=\"p1\"><span class=\"s1\"><b>COMMENT NOUS MESURERONS NOTRE SUCC\u00c8S<\/b><\/span><\/h2>\n<ul>\n<li style=\"padding-bottom: 20px;\">\n<p class=\"p1\">En 2028, nous aurons con\u00e7u et mis en \u0153uvre une nouvelle structure organisationnelle et r\u00e9gionale.<\/p>\n<\/li>\n<li style=\"padding-bottom: 20px;\">\n<p class=\"p1\">En 2029, nous aurons mis en \u0153uvre la phase 1 du plan directeur d\u2019immobilisations.<\/p>\n<\/li>\n<li style=\"padding-bottom: 20px;\">\n<p class=\"p1\">En 2027, nous aurons conclu un bail de 20 ans avec Infrastructure Ontario.<\/p>\n<\/li>\n<li style=\"padding-bottom: 20px;\">\n<p class=\"p1\">En 2028, notre taux semestriel de satisfaction des employ\u00e9s surpassera celui publi\u00e9 par Statistique Canada.<\/p>\n<\/li>\n<li style=\"padding-bottom: 20px;\">\n<p class=\"p1\">Le taux annuel de roulement ne d\u00e9passera pas la moyenne nationale de 15 % (2024).<\/p>\n<\/li>\n<li>\n<p class=\"p1\">En 2029, nous aurons \u00e9labor\u00e9 et mis en \u0153uvre un processus de planification de la rel\u00e8ve, y compris un programme de mentorat.<\/p>\n<\/li>\n<\/ul>\n<p>[\/et_pb_text][\/et_pb_column][\/et_pb_row][\/et_pb_section]<\/p>\n","protected":false},"excerpt":{"rendered":"<p>L\u2019Universit\u00e9 de l\u2019EMNO est d\u00e9termin\u00e9e \u00e0 assurer sa croissance stable et \u00e0 long terme afin de pouvoir honorer sa mission. Au cours des cinq prochaines ann\u00e9es, nous explorerons des mod\u00e8les d\u2019enseignement et administratifs optimaux pour appuyer cette croissance. Nous veillerons \u00e9galement \u00e0 ce que nos \u00e9l\u00e9ments fondamentaux (nos \u00e9difices, technologies, syst\u00e8mes et gens) soient s\u00fbrs [&hellip;]<\/p>\n","protected":false},"author":2,"featured_media":0,"parent":0,"menu_order":0,"comment_status":"closed","ping_status":"closed","template":"","meta":{"_et_pb_use_builder":"on","_et_pb_old_content":"","_et_gb_content_width":"","footnotes":""},"class_list":["post-292","page","type-page","status-publish","hentry"],"_links":{"self":[{"href":"https:\/\/strategicplan.nosm.ca\/index.php\/wp-json\/wp\/v2\/pages\/292","targetHints":{"allow":["GET"]}}],"collection":[{"href":"https:\/\/strategicplan.nosm.ca\/index.php\/wp-json\/wp\/v2\/pages"}],"about":[{"href":"https:\/\/strategicplan.nosm.ca\/index.php\/wp-json\/wp\/v2\/types\/page"}],"author":[{"embeddable":true,"href":"https:\/\/strategicplan.nosm.ca\/index.php\/wp-json\/wp\/v2\/users\/2"}],"replies":[{"embeddable":true,"href":"https:\/\/strategicplan.nosm.ca\/index.php\/wp-json\/wp\/v2\/comments?post=292"}],"version-history":[{"count":10,"href":"https:\/\/strategicplan.nosm.ca\/index.php\/wp-json\/wp\/v2\/pages\/292\/revisions"}],"predecessor-version":[{"id":325,"href":"https:\/\/strategicplan.nosm.ca\/index.php\/wp-json\/wp\/v2\/pages\/292\/revisions\/325"}],"wp:attachment":[{"href":"https:\/\/strategicplan.nosm.ca\/index.php\/wp-json\/wp\/v2\/media?parent=292"}],"curies":[{"name":"wp","href":"https:\/\/api.w.org\/{rel}","templated":true}]}}